{"id":199,"date":"2023-08-14T05:24:42","date_gmt":"2023-08-14T05:24:42","guid":{"rendered":"https:\/\/gruposimel.com\/websimel\/?page_id=199"},"modified":"2023-12-13T05:19:43","modified_gmt":"2023-12-13T05:19:43","slug":"ensayos-electricos","status":"publish","type":"page","link":"https:\/\/gruposimel.com\/en\/ensayos-electricos\/","title":{"rendered":"Electrical tests"},"content":{"rendered":"<div data-elementor-type=\"wp-page\" data-elementor-id=\"199\" class=\"elementor elementor-199\" data-elementor-post-type=\"page\">\n\t\t\t\t\t\t<section class=\"elementor-section elementor-top-section elementor-element elementor-element-764c6e9 elementor-section-stretched elementor-section-boxed elementor-section-height-default elementor-section-height-default\" data-id=\"764c6e9\" data-element_type=\"section\" data-settings=\"{&quot;background_background&quot;:&quot;classic&quot;,&quot;stretch_section&quot;:&quot;section-stretched&quot;}\">\n\t\t\t\t\t\t\t<div class=\"elementor-background-overlay\"><\/div>\n\t\t\t\t\t\t\t<div class=\"elementor-container elementor-column-gap-default\">\n\t\t\t\t\t<div class=\"elementor-column elementor-col-100 elementor-top-column elementor-element elementor-element-ca8869d\" data-id=\"ca8869d\" data-element_type=\"column\">\n\t\t\t<div class=\"elementor-widget-wrap elementor-element-populated\">\n\t\t\t\t\t\t<section class=\"elementor-section elementor-inner-section elementor-element elementor-element-54aeafd elementor-section-boxed elementor-section-height-default elementor-section-height-default\" data-id=\"54aeafd\" data-element_type=\"section\">\n\t\t\t\t\t\t<div class=\"elementor-container elementor-column-gap-default\">\n\t\t\t\t\t<div class=\"elementor-column elementor-col-33 elementor-inner-column elementor-element elementor-element-4d7761a\" data-id=\"4d7761a\" data-element_type=\"column\">\n\t\t\t<div class=\"elementor-widget-wrap\">\n\t\t\t\t\t\t\t<\/div>\n\t\t<\/div>\n\t\t\t\t<div class=\"elementor-column elementor-col-33 elementor-inner-column elementor-element elementor-element-4b7f92a\" data-id=\"4b7f92a\" data-element_type=\"column\">\n\t\t\t<div class=\"elementor-widget-wrap\">\n\t\t\t\t\t\t\t<\/div>\n\t\t<\/div>\n\t\t\t\t<div class=\"elementor-column elementor-col-33 elementor-inner-column elementor-element elementor-element-c892bf9\" data-id=\"c892bf9\" data-element_type=\"column\">\n\t\t\t<div class=\"elementor-widget-wrap\">\n\t\t\t\t\t\t\t<\/div>\n\t\t<\/div>\n\t\t\t\t\t<\/div>\n\t\t<\/section>\n\t\t\t\t<div class=\"elementor-element elementor-element-4b6b9b9 elementor-widget elementor-widget-spacer\" data-id=\"4b6b9b9\" data-element_type=\"widget\" data-widget_type=\"spacer.default\">\n\t\t\t\t<div class=\"elementor-widget-container\">\n\t\t\t\t\t\t\t<div class=\"elementor-spacer\">\n\t\t\t<div class=\"elementor-spacer-inner\"><\/div>\n\t\t<\/div>\n\t\t\t\t\t\t<\/div>\n\t\t\t\t<\/div>\n\t\t\t\t<div class=\"elementor-element elementor-element-f32056e elementor-widget elementor-widget-heading\" data-id=\"f32056e\" data-element_type=\"widget\" data-widget_type=\"heading.default\">\n\t\t\t\t<div class=\"elementor-widget-container\">\n\t\t\t\t\t<span class=\"elementor-heading-title elementor-size-default\">Electrical tests<\/span>\t\t\t\t<\/div>\n\t\t\t\t<\/div>\n\t\t\t\t\t<\/div>\n\t\t<\/div>\n\t\t\t\t\t<\/div>\n\t\t<\/section>\n\t\t\t\t<section class=\"elementor-section elementor-top-section elementor-element elementor-element-fde7c6d elementor-section-stretched elementor-section-boxed elementor-section-height-default elementor-section-height-default\" data-id=\"fde7c6d\" data-element_type=\"section\" data-settings=\"{&quot;stretch_section&quot;:&quot;section-stretched&quot;}\">\n\t\t\t\t\t\t<div class=\"elementor-container elementor-column-gap-default\">\n\t\t\t\t\t<div class=\"elementor-column elementor-col-100 elementor-top-column elementor-element elementor-element-face58c\" data-id=\"face58c\" data-element_type=\"column\">\n\t\t\t<div class=\"elementor-widget-wrap elementor-element-populated\">\n\t\t\t\t\t\t<div class=\"elementor-element elementor-element-d4f6f1a elementor-widget elementor-widget-heading\" data-id=\"d4f6f1a\" data-element_type=\"widget\" data-widget_type=\"heading.default\">\n\t\t\t\t<div class=\"elementor-widget-container\">\n\t\t\t\t\t<h2 class=\"elementor-heading-title elementor-size-default\">This service includes testing and diagnostic services, condition-based maintenance (CBM), predictive maintenance and reception for all types of electrical installations and equipment (low, medium and high voltage), including transformers, motors, generators, cables, power systems. grounding and rotating machinery. Testing electrical equipment helps determine its condition and, in this way, avoid service interruptions and the adoption of unnecessary preventive measures.<\/h2>\t\t\t\t<\/div>\n\t\t\t\t<\/div>\n\t\t\t\t\t<\/div>\n\t\t<\/div>\n\t\t\t\t\t<\/div>\n\t\t<\/section>\n\t\t\t\t<section class=\"elementor-section elementor-top-section elementor-element elementor-element-4e218de elementor-section-boxed elementor-section-height-default elementor-section-height-default\" data-id=\"4e218de\" data-element_type=\"section\">\n\t\t\t\t\t\t<div class=\"elementor-container elementor-column-gap-default\">\n\t\t\t\t\t<div class=\"elementor-column elementor-col-100 elementor-top-column elementor-element elementor-element-08a7bee\" data-id=\"08a7bee\" data-element_type=\"column\">\n\t\t\t<div class=\"elementor-widget-wrap elementor-element-populated\">\n\t\t\t\t\t\t<div class=\"elementor-element elementor-element-343cb6e elementor-widget elementor-widget-heading\" data-id=\"343cb6e\" data-element_type=\"widget\" data-widget_type=\"heading.default\">\n\t\t\t\t<div class=\"elementor-widget-container\">\n\t\t\t\t\t<span class=\"elementor-heading-title elementor-size-default\">Our service includes <\/span>\t\t\t\t<\/div>\n\t\t\t\t<\/div>\n\t\t\t\t<div class=\"elementor-element elementor-element-2d1b7a2 elementor-widget elementor-widget-heading\" data-id=\"2d1b7a2\" data-element_type=\"widget\" data-widget_type=\"heading.default\">\n\t\t\t\t<div class=\"elementor-widget-container\">\n\t\t\t\t\t<h2 class=\"elementor-heading-title elementor-size-default\">- Transformers<br>\n- Design and engineering<br>\n- Circuit breakers<br>\n- Analysis of insulating oil (transformers)<br>\n-\tVibration analysis<br>\n- Protection Systems <br>\n- Mantenimiento de instalaciones en medio o bajo voltaje.\n<\/h2>\t\t\t\t<\/div>\n\t\t\t\t<\/div>\n\t\t\t\t\t<\/div>\n\t\t<\/div>\n\t\t\t\t\t<\/div>\n\t\t<\/section>\n\t\t\t\t<\/div>","protected":false},"excerpt":{"rendered":"<p>Este servicio incluye servicios de ensayo y diagn\u00f3stico, mantenimiento basado en la condici\u00f3n (CBM), mantenimiento predictivo y recepci\u00f3n para todo tipo de instalaciones y equipos el\u00e9ctricos (baja, media y alta tensi\u00f3n), incluidos transformadores, motores, generadores, cables, sistemas de toma de tierra y maquinaria rotativa. Los ensayos de equipos el\u00e9ctricos ayudan a determinar su estado y, &#8230; <a title=\"Electrical tests\" class=\"read-more\" href=\"https:\/\/gruposimel.com\/en\/ensayos-electricos\/\" aria-label=\"More on Ensayos el\u00e9ctricos\">Read more<\/a><\/p>","protected":false},"author":1,"featured_media":0,"parent":0,"menu_order":0,"comment_status":"closed","ping_status":"closed","template":"","meta":{"_joinchat":[],"footnotes":""},"class_list":["post-199","page","type-page","status-publish"],"_links":{"self":[{"href":"https:\/\/gruposimel.com\/en\/wp-json\/wp\/v2\/pages\/199","targetHints":{"allow":["GET"]}}],"collection":[{"href":"https:\/\/gruposimel.com\/en\/wp-json\/wp\/v2\/pages"}],"about":[{"href":"https:\/\/gruposimel.com\/en\/wp-json\/wp\/v2\/types\/page"}],"author":[{"embeddable":true,"href":"https:\/\/gruposimel.com\/en\/wp-json\/wp\/v2\/users\/1"}],"replies":[{"embeddable":true,"href":"https:\/\/gruposimel.com\/en\/wp-json\/wp\/v2\/comments?post=199"}],"version-history":[{"count":16,"href":"https:\/\/gruposimel.com\/en\/wp-json\/wp\/v2\/pages\/199\/revisions"}],"predecessor-version":[{"id":676,"href":"https:\/\/gruposimel.com\/en\/wp-json\/wp\/v2\/pages\/199\/revisions\/676"}],"wp:attachment":[{"href":"https:\/\/gruposimel.com\/en\/wp-json\/wp\/v2\/media?parent=199"}],"curies":[{"name":"wp","href":"https:\/\/api.w.org\/{rel}","templated":true}]}}