{"id":203,"date":"2023-08-14T05:25:09","date_gmt":"2023-08-14T05:25:09","guid":{"rendered":"https:\/\/gruposimel.com\/websimel\/?page_id=203"},"modified":"2023-12-13T04:51:16","modified_gmt":"2023-12-13T04:51:16","slug":"construccion-de-baja-tension-media-tension-y-alta-tension","status":"publish","type":"page","link":"https:\/\/gruposimel.com\/en\/construccion-de-baja-tension-media-tension-y-alta-tension\/","title":{"rendered":"Low Voltage, Medium Voltage and High Voltage Construction"},"content":{"rendered":"<div data-elementor-type=\"wp-page\" data-elementor-id=\"203\" class=\"elementor elementor-203\" data-elementor-post-type=\"page\">\n\t\t\t\t\t\t<section class=\"elementor-section elementor-top-section elementor-element elementor-element-2acec87d elementor-section-stretched elementor-section-boxed elementor-section-height-default elementor-section-height-default\" data-id=\"2acec87d\" data-element_type=\"section\" data-settings=\"{&quot;background_background&quot;:&quot;classic&quot;,&quot;stretch_section&quot;:&quot;section-stretched&quot;}\">\n\t\t\t\t\t\t\t<div class=\"elementor-background-overlay\"><\/div>\n\t\t\t\t\t\t\t<div class=\"elementor-container elementor-column-gap-default\">\n\t\t\t\t\t<div class=\"elementor-column elementor-col-100 elementor-top-column elementor-element elementor-element-4b81eb0d\" data-id=\"4b81eb0d\" data-element_type=\"column\">\n\t\t\t<div class=\"elementor-widget-wrap elementor-element-populated\">\n\t\t\t\t\t\t<section class=\"elementor-section elementor-inner-section elementor-element elementor-element-319bc15e elementor-section-boxed elementor-section-height-default elementor-section-height-default\" data-id=\"319bc15e\" data-element_type=\"section\">\n\t\t\t\t\t\t<div class=\"elementor-container elementor-column-gap-default\">\n\t\t\t\t\t<div class=\"elementor-column elementor-col-33 elementor-inner-column elementor-element elementor-element-13636a0\" data-id=\"13636a0\" data-element_type=\"column\">\n\t\t\t<div class=\"elementor-widget-wrap\">\n\t\t\t\t\t\t\t<\/div>\n\t\t<\/div>\n\t\t\t\t<div class=\"elementor-column elementor-col-33 elementor-inner-column elementor-element elementor-element-47c988d3\" data-id=\"47c988d3\" data-element_type=\"column\">\n\t\t\t<div class=\"elementor-widget-wrap\">\n\t\t\t\t\t\t\t<\/div>\n\t\t<\/div>\n\t\t\t\t<div class=\"elementor-column elementor-col-33 elementor-inner-column elementor-element elementor-element-14e6e2c8\" data-id=\"14e6e2c8\" data-element_type=\"column\">\n\t\t\t<div class=\"elementor-widget-wrap\">\n\t\t\t\t\t\t\t<\/div>\n\t\t<\/div>\n\t\t\t\t\t<\/div>\n\t\t<\/section>\n\t\t\t\t<div class=\"elementor-element elementor-element-6c7652f elementor-widget elementor-widget-spacer\" data-id=\"6c7652f\" data-element_type=\"widget\" data-widget_type=\"spacer.default\">\n\t\t\t\t<div class=\"elementor-widget-container\">\n\t\t\t\t\t\t\t<div class=\"elementor-spacer\">\n\t\t\t<div class=\"elementor-spacer-inner\"><\/div>\n\t\t<\/div>\n\t\t\t\t\t\t<\/div>\n\t\t\t\t<\/div>\n\t\t\t\t<div class=\"elementor-element elementor-element-b9ee6cf elementor-widget elementor-widget-heading\" data-id=\"b9ee6cf\" data-element_type=\"widget\" data-widget_type=\"heading.default\">\n\t\t\t\t<div class=\"elementor-widget-container\">\n\t\t\t\t\t<span class=\"elementor-heading-title elementor-size-default\">Low Voltage, Medium Voltage and High Voltage Construction<\/span>\t\t\t\t<\/div>\n\t\t\t\t<\/div>\n\t\t\t\t\t<\/div>\n\t\t<\/div>\n\t\t\t\t\t<\/div>\n\t\t<\/section>\n\t\t\t\t<section class=\"elementor-section elementor-top-section elementor-element elementor-element-55be64f elementor-section-stretched elementor-section-boxed elementor-section-height-default elementor-section-height-default\" data-id=\"55be64f\" data-element_type=\"section\" data-settings=\"{&quot;stretch_section&quot;:&quot;section-stretched&quot;}\">\n\t\t\t\t\t\t<div class=\"elementor-container elementor-column-gap-default\">\n\t\t\t\t\t<div class=\"elementor-column elementor-col-100 elementor-top-column elementor-element elementor-element-fbc8d5b\" data-id=\"fbc8d5b\" data-element_type=\"column\">\n\t\t\t<div class=\"elementor-widget-wrap elementor-element-populated\">\n\t\t\t\t\t\t<div class=\"elementor-element elementor-element-6b720f9 elementor-widget elementor-widget-heading\" data-id=\"6b720f9\" data-element_type=\"widget\" data-widget_type=\"heading.default\">\n\t\t\t\t<div class=\"elementor-widget-container\">\n\t\t\t\t\t<h2 class=\"elementor-heading-title elementor-size-default\">We are specialists in the Design, Installation and Construction of Low, Medium and High voltage installations at all required levels. We also have a group of engineers with extensive experience in supervising projects, as well as in managing field personnel. Our company has built all types of electrical installations, equipment, transmission towers, power transformers, etc.<\/h2>\t\t\t\t<\/div>\n\t\t\t\t<\/div>\n\t\t\t\t\t<\/div>\n\t\t<\/div>\n\t\t\t\t\t<\/div>\n\t\t<\/section>\n\t\t\t\t<section class=\"elementor-section elementor-top-section elementor-element elementor-element-f4fb90b elementor-section-boxed elementor-section-height-default elementor-section-height-default\" data-id=\"f4fb90b\" data-element_type=\"section\">\n\t\t\t\t\t\t<div class=\"elementor-container elementor-column-gap-default\">\n\t\t\t\t\t<div class=\"elementor-column elementor-col-100 elementor-top-column elementor-element elementor-element-f545c24\" data-id=\"f545c24\" data-element_type=\"column\">\n\t\t\t<div class=\"elementor-widget-wrap elementor-element-populated\">\n\t\t\t\t\t\t<div class=\"elementor-element elementor-element-0c81b41 elementor-widget elementor-widget-heading\" data-id=\"0c81b41\" data-element_type=\"widget\" data-widget_type=\"heading.default\">\n\t\t\t\t<div class=\"elementor-widget-container\">\n\t\t\t\t\t<span class=\"elementor-heading-title elementor-size-default\">Our service includes <\/span>\t\t\t\t<\/div>\n\t\t\t\t<\/div>\n\t\t\t\t<div class=\"elementor-element elementor-element-36c99b9 elementor-widget elementor-widget-heading\" data-id=\"36c99b9\" data-element_type=\"widget\" data-widget_type=\"heading.default\">\n\t\t\t\t<div class=\"elementor-widget-container\">\n\t\t\t\t\t<h2 class=\"elementor-heading-title elementor-size-default\">- Transformers<br>\n- Design and engineering<br>\n- Circuit breakers<br>\n- Analysis of insulating oil (transformers)<br>\n-\tVibration analysis<br>\n- Protection Systems <br>\n- Mantenimiento de instalaciones en medio o bajo voltaje.\n<\/h2>\t\t\t\t<\/div>\n\t\t\t\t<\/div>\n\t\t\t\t\t<\/div>\n\t\t<\/div>\n\t\t\t\t\t<\/div>\n\t\t<\/section>\n\t\t\t\t<\/div>","protected":false},"excerpt":{"rendered":"<p>Somos especialistas en el Dise\u00f1o, Instalaci\u00f3n y Construcci\u00f3n de instalaciones de Baja, Media y Alta tensi\u00f3n en todos los niveles requeridos. Contamos adem\u00e1s con un grupo de ingenieros con amplia experiencia en la supervisi\u00f3n de los proyectos, as\u00ed como en el manejo de personal de campo. Nuestra empresa ha construido todo tipo de instalaciones el\u00e9ctricas, &#8230; <a title=\"Low Voltage, Medium Voltage and High Voltage Construction\" class=\"read-more\" href=\"https:\/\/gruposimel.com\/en\/construccion-de-baja-tension-media-tension-y-alta-tension\/\" aria-label=\"More on Construcci\u00f3n de Baja Tensi\u00f3n, Media Tensi\u00f3n y Alta Tensi\u00f3n\">Read more<\/a><\/p>","protected":false},"author":1,"featured_media":0,"parent":0,"menu_order":0,"comment_status":"closed","ping_status":"closed","template":"","meta":{"_joinchat":[],"footnotes":""},"class_list":["post-203","page","type-page","status-publish"],"_links":{"self":[{"href":"https:\/\/gruposimel.com\/en\/wp-json\/wp\/v2\/pages\/203","targetHints":{"allow":["GET"]}}],"collection":[{"href":"https:\/\/gruposimel.com\/en\/wp-json\/wp\/v2\/pages"}],"about":[{"href":"https:\/\/gruposimel.com\/en\/wp-json\/wp\/v2\/types\/page"}],"author":[{"embeddable":true,"href":"https:\/\/gruposimel.com\/en\/wp-json\/wp\/v2\/users\/1"}],"replies":[{"embeddable":true,"href":"https:\/\/gruposimel.com\/en\/wp-json\/wp\/v2\/comments?post=203"}],"version-history":[{"count":16,"href":"https:\/\/gruposimel.com\/en\/wp-json\/wp\/v2\/pages\/203\/revisions"}],"predecessor-version":[{"id":682,"href":"https:\/\/gruposimel.com\/en\/wp-json\/wp\/v2\/pages\/203\/revisions\/682"}],"wp:attachment":[{"href":"https:\/\/gruposimel.com\/en\/wp-json\/wp\/v2\/media?parent=203"}],"curies":[{"name":"wp","href":"https:\/\/api.w.org\/{rel}","templated":true}]}}