{"id":336,"date":"2023-08-15T04:21:57","date_gmt":"2023-08-15T04:21:57","guid":{"rendered":"https:\/\/gruposimel.com\/websimel\/?page_id=336"},"modified":"2025-07-15T17:48:43","modified_gmt":"2025-07-15T17:48:43","slug":"equipos","status":"publish","type":"page","link":"https:\/\/gruposimel.com\/en\/equipos\/","title":{"rendered":"Equipment"},"content":{"rendered":"<div data-elementor-type=\"wp-page\" data-elementor-id=\"336\" class=\"elementor elementor-336\" data-elementor-post-type=\"page\">\n\t\t\t\t\t\t<section class=\"elementor-section elementor-top-section elementor-element elementor-element-77b3acfa elementor-section-full_width elementor-section-stretched elementor-section-height-default elementor-section-height-default\" data-id=\"77b3acfa\" data-element_type=\"section\" data-settings=\"{&quot;background_background&quot;:&quot;classic&quot;,&quot;stretch_section&quot;:&quot;section-stretched&quot;}\">\n\t\t\t\t\t\t\t<div class=\"elementor-background-overlay\"><\/div>\n\t\t\t\t\t\t\t<div class=\"elementor-container elementor-column-gap-default\">\n\t\t\t\t\t<div class=\"elementor-column elementor-col-100 elementor-top-column elementor-element elementor-element-36bcafd2\" data-id=\"36bcafd2\" data-element_type=\"column\">\n\t\t\t<div class=\"elementor-widget-wrap elementor-element-populated\">\n\t\t\t\t\t\t<section class=\"elementor-section elementor-inner-section elementor-element elementor-element-75caf7a8 elementor-section-boxed elementor-section-height-default elementor-section-height-default\" data-id=\"75caf7a8\" data-element_type=\"section\">\n\t\t\t\t\t\t<div class=\"elementor-container elementor-column-gap-default\">\n\t\t\t\t\t<div class=\"elementor-column elementor-col-33 elementor-inner-column elementor-element elementor-element-776e02c5\" data-id=\"776e02c5\" data-element_type=\"column\">\n\t\t\t<div class=\"elementor-widget-wrap\">\n\t\t\t\t\t\t\t<\/div>\n\t\t<\/div>\n\t\t\t\t<div class=\"elementor-column elementor-col-33 elementor-inner-column elementor-element elementor-element-59678f7d\" data-id=\"59678f7d\" data-element_type=\"column\">\n\t\t\t<div class=\"elementor-widget-wrap elementor-element-populated\">\n\t\t\t\t\t\t<div class=\"elementor-element elementor-element-634bba4e elementor-widget__width-inherit elementor-widget elementor-widget-heading\" data-id=\"634bba4e\" data-element_type=\"widget\" data-widget_type=\"heading.default\">\n\t\t\t\t<div class=\"elementor-widget-container\">\n\t\t\t\t\t<span class=\"elementor-heading-title elementor-size-default\">HOME - Equipment<\/span>\t\t\t\t<\/div>\n\t\t\t\t<\/div>\n\t\t\t\t\t<\/div>\n\t\t<\/div>\n\t\t\t\t<div class=\"elementor-column elementor-col-33 elementor-inner-column elementor-element elementor-element-7edebe8d\" data-id=\"7edebe8d\" data-element_type=\"column\">\n\t\t\t<div class=\"elementor-widget-wrap\">\n\t\t\t\t\t\t\t<\/div>\n\t\t<\/div>\n\t\t\t\t\t<\/div>\n\t\t<\/section>\n\t\t\t\t<div class=\"elementor-element elementor-element-1379798b elementor-widget elementor-widget-heading\" data-id=\"1379798b\" data-element_type=\"widget\" data-widget_type=\"heading.default\">\n\t\t\t\t<div class=\"elementor-widget-container\">\n\t\t\t\t\t<span class=\"elementor-heading-title elementor-size-default\">Equipment<\/span>\t\t\t\t<\/div>\n\t\t\t\t<\/div>\n\t\t\t\t\t<\/div>\n\t\t<\/div>\n\t\t\t\t\t<\/div>\n\t\t<\/section>\n\t\t\t\t<section class=\"elementor-section elementor-top-section elementor-element elementor-element-2ecb709d elementor-section-stretched elementor-section-boxed elementor-section-height-default elementor-section-height-default\" data-id=\"2ecb709d\" data-element_type=\"section\" data-settings=\"{&quot;background_background&quot;:&quot;classic&quot;,&quot;stretch_section&quot;:&quot;section-stretched&quot;}\">\n\t\t\t\t\t\t<div class=\"elementor-container elementor-column-gap-no\">\n\t\t\t\t\t<div class=\"elementor-column elementor-col-100 elementor-top-column elementor-element elementor-element-1194e7a0\" data-id=\"1194e7a0\" data-element_type=\"column\">\n\t\t\t<div class=\"elementor-widget-wrap elementor-element-populated\">\n\t\t\t\t\t\t<div class=\"elementor-element elementor-element-09fa572 elementor-widget elementor-widget-heading\" data-id=\"09fa572\" data-element_type=\"widget\" data-widget_type=\"heading.default\">\n\t\t\t\t<div class=\"elementor-widget-container\">\n\t\t\t\t\t<h2 class=\"elementor-heading-title elementor-size-default\">GRUPO SIMEL CORP<\/h2>\t\t\t\t<\/div>\n\t\t\t\t<\/div>\n\t\t\t\t<div class=\"elementor-element elementor-element-836f86a elementor-widget elementor-widget-text-editor\" data-id=\"836f86a\" data-element_type=\"widget\" data-widget_type=\"text-editor.default\">\n\t\t\t\t<div class=\"elementor-widget-container\">\n\t\t\t\t\t\t\t\t\t<p>We have our own range of equipment, tools and vehicles necessary for the effective development of different projects, duly optimized to provide fast, efficient attention, maintaining constant monitoring in the execution of each job.<\/p>\t\t\t\t\t\t\t\t<\/div>\n\t\t\t\t<\/div>\n\t\t\t\t<section class=\"elementor-section elementor-inner-section elementor-element elementor-element-56b8c4fb elementor-section-boxed elementor-section-height-default elementor-section-height-default\" data-id=\"56b8c4fb\" data-element_type=\"section\">\n\t\t\t\t\t\t<div class=\"elementor-container elementor-column-gap-no\">\n\t\t\t\t\t<div class=\"elementor-column elementor-col-100 elementor-inner-column elementor-element elementor-element-2e1a5cc4\" data-id=\"2e1a5cc4\" data-element_type=\"column\">\n\t\t\t<div class=\"elementor-widget-wrap elementor-element-populated\">\n\t\t\t\t\t\t<div class=\"elementor-element elementor-element-994eaea elementor-widget elementor-widget-image-gallery\" data-id=\"994eaea\" data-element_type=\"widget\" data-widget_type=\"image-gallery.default\">\n\t\t\t\t<div class=\"elementor-widget-container\">\n\t\t\t\t\t\t\t<div class=\"elementor-image-gallery\">\n\t\t\t<div id='gallery-1' class='gallery galleryid-336 gallery-columns-4 gallery-size-full'><figure class='gallery-item'>\n\t\t\t<div class='gallery-icon landscape'>\n\t\t\t\t<a data-elementor-open-lightbox=\"yes\" data-elementor-lightbox-slideshow=\"994eaea\" data-elementor-lightbox-title=\"WhatsApp Image 2023-05-22 at 2.57.11 PM (2)\" data-e-action-hash=\"#elementor-action%3Aaction%3Dlightbox%26settings%3DeyJpZCI6NTI0LCJ1cmwiOiJodHRwczpcL1wvZ3J1cG9zaW1lbC5jb21cL3dwLWNvbnRlbnRcL3VwbG9hZHNcLzIwMjNcLzEwXC9XaGF0c0FwcC1JbWFnZS0yMDIzLTA1LTIyLWF0LTIuNTcuMTEtUE0tMi5qcGVnIiwic2xpZGVzaG93IjoiOTk0ZWFlYSJ9\" href='https:\/\/gruposimel.com\/wp-content\/uploads\/2023\/10\/WhatsApp-Image-2023-05-22-at-2.57.11-PM-2.jpeg'><img fetchpriority=\"high\" decoding=\"async\" width=\"1600\" height=\"1200\" src=\"https:\/\/gruposimel.com\/wp-content\/uploads\/2023\/10\/WhatsApp-Image-2023-05-22-at-2.57.11-PM-2.jpeg\" class=\"attachment-full size-full\" alt=\"\" srcset=\"https:\/\/gruposimel.com\/wp-content\/uploads\/2023\/10\/WhatsApp-Image-2023-05-22-at-2.57.11-PM-2.jpeg 1600w, https:\/\/gruposimel.com\/wp-content\/uploads\/2023\/10\/WhatsApp-Image-2023-05-22-at-2.57.11-PM-2-300x225.jpeg 300w, https:\/\/gruposimel.com\/wp-content\/uploads\/2023\/10\/WhatsApp-Image-2023-05-22-at-2.57.11-PM-2-1024x768.jpeg 1024w, https:\/\/gruposimel.com\/wp-content\/uploads\/2023\/10\/WhatsApp-Image-2023-05-22-at-2.57.11-PM-2-768x576.jpeg 768w, https:\/\/gruposimel.com\/wp-content\/uploads\/2023\/10\/WhatsApp-Image-2023-05-22-at-2.57.11-PM-2-1536x1152.jpeg 1536w\" sizes=\"(max-width: 1600px) 100vw, 1600px\" \/><\/a>\n\t\t\t<\/div><\/figure><figure class='gallery-item'>\n\t\t\t<div class='gallery-icon landscape'>\n\t\t\t\t<a data-elementor-open-lightbox=\"yes\" data-elementor-lightbox-slideshow=\"994eaea\" data-elementor-lightbox-title=\"WhatsApp Image 2023-06-15 at 11.27.18 AM (1)\" data-e-action-hash=\"#elementor-action%3Aaction%3Dlightbox%26settings%3DeyJpZCI6NTI1LCJ1cmwiOiJodHRwczpcL1wvZ3J1cG9zaW1lbC5jb21cL3dwLWNvbnRlbnRcL3VwbG9hZHNcLzIwMjNcLzEwXC9XaGF0c0FwcC1JbWFnZS0yMDIzLTA2LTE1LWF0LTExLjI3LjE4LUFNLTEuanBlZyIsInNsaWRlc2hvdyI6Ijk5NGVhZWEifQ%3D%3D\" href='https:\/\/gruposimel.com\/wp-content\/uploads\/2023\/10\/WhatsApp-Image-2023-06-15-at-11.27.18-AM-1.jpeg'><img decoding=\"async\" width=\"1024\" height=\"768\" src=\"https:\/\/gruposimel.com\/wp-content\/uploads\/2023\/10\/WhatsApp-Image-2023-06-15-at-11.27.18-AM-1.jpeg\" class=\"attachment-full size-full\" alt=\"\" srcset=\"https:\/\/gruposimel.com\/wp-content\/uploads\/2023\/10\/WhatsApp-Image-2023-06-15-at-11.27.18-AM-1.jpeg 1024w, https:\/\/gruposimel.com\/wp-content\/uploads\/2023\/10\/WhatsApp-Image-2023-06-15-at-11.27.18-AM-1-300x225.jpeg 300w, https:\/\/gruposimel.com\/wp-content\/uploads\/2023\/10\/WhatsApp-Image-2023-06-15-at-11.27.18-AM-1-768x576.jpeg 768w\" sizes=\"(max-width: 1024px) 100vw, 1024px\" \/><\/a>\n\t\t\t<\/div><\/figure><figure class='gallery-item'>\n\t\t\t<div class='gallery-icon landscape'>\n\t\t\t\t<a data-elementor-open-lightbox=\"yes\" data-elementor-lightbox-slideshow=\"994eaea\" data-elementor-lightbox-title=\"WhatsApp Image 2023-06-15 at 11.27.18 AM\" data-e-action-hash=\"#elementor-action%3Aaction%3Dlightbox%26settings%3DeyJpZCI6NTI2LCJ1cmwiOiJodHRwczpcL1wvZ3J1cG9zaW1lbC5jb21cL3dwLWNvbnRlbnRcL3VwbG9hZHNcLzIwMjNcLzEwXC9XaGF0c0FwcC1JbWFnZS0yMDIzLTA2LTE1LWF0LTExLjI3LjE4LUFNLmpwZWciLCJzbGlkZXNob3ciOiI5OTRlYWVhIn0%3D\" href='https:\/\/gruposimel.com\/wp-content\/uploads\/2023\/10\/WhatsApp-Image-2023-06-15-at-11.27.18-AM.jpeg'><img decoding=\"async\" width=\"1024\" height=\"767\" src=\"https:\/\/gruposimel.com\/wp-content\/uploads\/2023\/10\/WhatsApp-Image-2023-06-15-at-11.27.18-AM.jpeg\" class=\"attachment-full size-full\" alt=\"\" srcset=\"https:\/\/gruposimel.com\/wp-content\/uploads\/2023\/10\/WhatsApp-Image-2023-06-15-at-11.27.18-AM.jpeg 1024w, https:\/\/gruposimel.com\/wp-content\/uploads\/2023\/10\/WhatsApp-Image-2023-06-15-at-11.27.18-AM-300x225.jpeg 300w, https:\/\/gruposimel.com\/wp-content\/uploads\/2023\/10\/WhatsApp-Image-2023-06-15-at-11.27.18-AM-768x575.jpeg 768w\" sizes=\"(max-width: 1024px) 100vw, 1024px\" \/><\/a>\n\t\t\t<\/div><\/figure><figure class='gallery-item'>\n\t\t\t<div class='gallery-icon landscape'>\n\t\t\t\t<a data-elementor-open-lightbox=\"yes\" data-elementor-lightbox-slideshow=\"994eaea\" data-elementor-lightbox-title=\"WhatsApp Image 2023-06-15 at 11.30.52 AM (1)\" data-e-action-hash=\"#elementor-action%3Aaction%3Dlightbox%26settings%3DeyJpZCI6NTI3LCJ1cmwiOiJodHRwczpcL1wvZ3J1cG9zaW1lbC5jb21cL3dwLWNvbnRlbnRcL3VwbG9hZHNcLzIwMjNcLzEwXC9XaGF0c0FwcC1JbWFnZS0yMDIzLTA2LTE1LWF0LTExLjMwLjUyLUFNLTEuanBlZyIsInNsaWRlc2hvdyI6Ijk5NGVhZWEifQ%3D%3D\" href='https:\/\/gruposimel.com\/wp-content\/uploads\/2023\/10\/WhatsApp-Image-2023-06-15-at-11.30.52-AM-1.jpeg'><img loading=\"lazy\" decoding=\"async\" width=\"1024\" height=\"768\" src=\"https:\/\/gruposimel.com\/wp-content\/uploads\/2023\/10\/WhatsApp-Image-2023-06-15-at-11.30.52-AM-1.jpeg\" class=\"attachment-full size-full\" alt=\"\" srcset=\"https:\/\/gruposimel.com\/wp-content\/uploads\/2023\/10\/WhatsApp-Image-2023-06-15-at-11.30.52-AM-1.jpeg 1024w, https:\/\/gruposimel.com\/wp-content\/uploads\/2023\/10\/WhatsApp-Image-2023-06-15-at-11.30.52-AM-1-300x225.jpeg 300w, https:\/\/gruposimel.com\/wp-content\/uploads\/2023\/10\/WhatsApp-Image-2023-06-15-at-11.30.52-AM-1-768x576.jpeg 768w\" sizes=\"(max-width: 1024px) 100vw, 1024px\" \/><\/a>\n\t\t\t<\/div><\/figure><figure class='gallery-item'>\n\t\t\t<div class='gallery-icon landscape'>\n\t\t\t\t<a data-elementor-open-lightbox=\"yes\" data-elementor-lightbox-slideshow=\"994eaea\" data-elementor-lightbox-title=\"IMG-20220605-WA0029\" data-e-action-hash=\"#elementor-action%3Aaction%3Dlightbox%26settings%3DeyJpZCI6NjQ5LCJ1cmwiOiJodHRwczpcL1wvZ3J1cG9zaW1lbC5jb21cL3dwLWNvbnRlbnRcL3VwbG9hZHNcLzIwMjNcLzEwXC9JTUctMjAyMjA2MDUtV0EwMDI5LTIuanBnIiwic2xpZGVzaG93IjoiOTk0ZWFlYSJ9\" href='https:\/\/gruposimel.com\/wp-content\/uploads\/2023\/10\/IMG-20220605-WA0029-2.jpg'><img loading=\"lazy\" decoding=\"async\" width=\"1530\" height=\"1025\" src=\"https:\/\/gruposimel.com\/wp-content\/uploads\/2023\/10\/IMG-20220605-WA0029-2.jpg\" class=\"attachment-full size-full\" alt=\"\" srcset=\"https:\/\/gruposimel.com\/wp-content\/uploads\/2023\/10\/IMG-20220605-WA0029-2.jpg 1530w, https:\/\/gruposimel.com\/wp-content\/uploads\/2023\/10\/IMG-20220605-WA0029-2-300x201.jpg 300w, https:\/\/gruposimel.com\/wp-content\/uploads\/2023\/10\/IMG-20220605-WA0029-2-1024x686.jpg 1024w, https:\/\/gruposimel.com\/wp-content\/uploads\/2023\/10\/IMG-20220605-WA0029-2-768x515.jpg 768w, https:\/\/gruposimel.com\/wp-content\/uploads\/2023\/10\/IMG-20220605-WA0029-2-18x12.jpg 18w\" sizes=\"(max-width: 1530px) 100vw, 1530px\" \/><\/a>\n\t\t\t<\/div><\/figure><figure class='gallery-item'>\n\t\t\t<div class='gallery-icon landscape'>\n\t\t\t\t<a data-elementor-open-lightbox=\"yes\" data-elementor-lightbox-slideshow=\"994eaea\" data-elementor-lightbox-title=\"WhatsApp Image 2023-06-15 at 11.30.52 AM (2)\" data-e-action-hash=\"#elementor-action%3Aaction%3Dlightbox%26settings%3DeyJpZCI6NTI4LCJ1cmwiOiJodHRwczpcL1wvZ3J1cG9zaW1lbC5jb21cL3dwLWNvbnRlbnRcL3VwbG9hZHNcLzIwMjNcLzEwXC9XaGF0c0FwcC1JbWFnZS0yMDIzLTA2LTE1LWF0LTExLjMwLjUyLUFNLTIuanBlZyIsInNsaWRlc2hvdyI6Ijk5NGVhZWEifQ%3D%3D\" href='https:\/\/gruposimel.com\/wp-content\/uploads\/2023\/10\/WhatsApp-Image-2023-06-15-at-11.30.52-AM-2.jpeg'><img loading=\"lazy\" decoding=\"async\" width=\"1024\" height=\"768\" src=\"https:\/\/gruposimel.com\/wp-content\/uploads\/2023\/10\/WhatsApp-Image-2023-06-15-at-11.30.52-AM-2.jpeg\" class=\"attachment-full size-full\" alt=\"\" srcset=\"https:\/\/gruposimel.com\/wp-content\/uploads\/2023\/10\/WhatsApp-Image-2023-06-15-at-11.30.52-AM-2.jpeg 1024w, https:\/\/gruposimel.com\/wp-content\/uploads\/2023\/10\/WhatsApp-Image-2023-06-15-at-11.30.52-AM-2-300x225.jpeg 300w, https:\/\/gruposimel.com\/wp-content\/uploads\/2023\/10\/WhatsApp-Image-2023-06-15-at-11.30.52-AM-2-768x576.jpeg 768w\" sizes=\"(max-width: 1024px) 100vw, 1024px\" \/><\/a>\n\t\t\t<\/div><\/figure><figure class='gallery-item'>\n\t\t\t<div class='gallery-icon landscape'>\n\t\t\t\t<a data-elementor-open-lightbox=\"yes\" data-elementor-lightbox-slideshow=\"994eaea\" data-elementor-lightbox-title=\"WhatsApp Image 2023-06-15 at 11.30.52 AM (3)\" data-e-action-hash=\"#elementor-action%3Aaction%3Dlightbox%26settings%3DeyJpZCI6NTI5LCJ1cmwiOiJodHRwczpcL1wvZ3J1cG9zaW1lbC5jb21cL3dwLWNvbnRlbnRcL3VwbG9hZHNcLzIwMjNcLzEwXC9XaGF0c0FwcC1JbWFnZS0yMDIzLTA2LTE1LWF0LTExLjMwLjUyLUFNLTMuanBlZyIsInNsaWRlc2hvdyI6Ijk5NGVhZWEifQ%3D%3D\" href='https:\/\/gruposimel.com\/wp-content\/uploads\/2023\/10\/WhatsApp-Image-2023-06-15-at-11.30.52-AM-3.jpeg'><img loading=\"lazy\" decoding=\"async\" width=\"1024\" height=\"768\" src=\"https:\/\/gruposimel.com\/wp-content\/uploads\/2023\/10\/WhatsApp-Image-2023-06-15-at-11.30.52-AM-3.jpeg\" class=\"attachment-full size-full\" alt=\"\" srcset=\"https:\/\/gruposimel.com\/wp-content\/uploads\/2023\/10\/WhatsApp-Image-2023-06-15-at-11.30.52-AM-3.jpeg 1024w, https:\/\/gruposimel.com\/wp-content\/uploads\/2023\/10\/WhatsApp-Image-2023-06-15-at-11.30.52-AM-3-300x225.jpeg 300w, https:\/\/gruposimel.com\/wp-content\/uploads\/2023\/10\/WhatsApp-Image-2023-06-15-at-11.30.52-AM-3-768x576.jpeg 768w\" sizes=\"(max-width: 1024px) 100vw, 1024px\" \/><\/a>\n\t\t\t<\/div><\/figure><figure class='gallery-item'>\n\t\t\t<div class='gallery-icon landscape'>\n\t\t\t\t<a data-elementor-open-lightbox=\"yes\" data-elementor-lightbox-slideshow=\"994eaea\" data-elementor-lightbox-title=\"WhatsApp Image 2023-06-15 at 11.30.52 AM\" data-e-action-hash=\"#elementor-action%3Aaction%3Dlightbox%26settings%3DeyJpZCI6NTMwLCJ1cmwiOiJodHRwczpcL1wvZ3J1cG9zaW1lbC5jb21cL3dwLWNvbnRlbnRcL3VwbG9hZHNcLzIwMjNcLzEwXC9XaGF0c0FwcC1JbWFnZS0yMDIzLTA2LTE1LWF0LTExLjMwLjUyLUFNLmpwZWciLCJzbGlkZXNob3ciOiI5OTRlYWVhIn0%3D\" href='https:\/\/gruposimel.com\/wp-content\/uploads\/2023\/10\/WhatsApp-Image-2023-06-15-at-11.30.52-AM.jpeg'><img loading=\"lazy\" decoding=\"async\" width=\"1024\" height=\"768\" src=\"https:\/\/gruposimel.com\/wp-content\/uploads\/2023\/10\/WhatsApp-Image-2023-06-15-at-11.30.52-AM.jpeg\" class=\"attachment-full size-full\" alt=\"\" srcset=\"https:\/\/gruposimel.com\/wp-content\/uploads\/2023\/10\/WhatsApp-Image-2023-06-15-at-11.30.52-AM.jpeg 1024w, https:\/\/gruposimel.com\/wp-content\/uploads\/2023\/10\/WhatsApp-Image-2023-06-15-at-11.30.52-AM-300x225.jpeg 300w, https:\/\/gruposimel.com\/wp-content\/uploads\/2023\/10\/WhatsApp-Image-2023-06-15-at-11.30.52-AM-768x576.jpeg 768w\" sizes=\"(max-width: 1024px) 100vw, 1024px\" \/><\/a>\n\t\t\t<\/div><\/figure><figure class='gallery-item'>\n\t\t\t<div class='gallery-icon landscape'>\n\t\t\t\t<a data-elementor-open-lightbox=\"yes\" data-elementor-lightbox-slideshow=\"994eaea\" data-elementor-lightbox-title=\"WhatsApp Image 2023-06-15 at 11.31.23 AM\" data-e-action-hash=\"#elementor-action%3Aaction%3Dlightbox%26settings%3DeyJpZCI6NTMxLCJ1cmwiOiJodHRwczpcL1wvZ3J1cG9zaW1lbC5jb21cL3dwLWNvbnRlbnRcL3VwbG9hZHNcLzIwMjNcLzEwXC9XaGF0c0FwcC1JbWFnZS0yMDIzLTA2LTE1LWF0LTExLjMxLjIzLUFNLmpwZWciLCJzbGlkZXNob3ciOiI5OTRlYWVhIn0%3D\" href='https:\/\/gruposimel.com\/wp-content\/uploads\/2023\/10\/WhatsApp-Image-2023-06-15-at-11.31.23-AM.jpeg'><img loading=\"lazy\" decoding=\"async\" width=\"1024\" height=\"768\" src=\"https:\/\/gruposimel.com\/wp-content\/uploads\/2023\/10\/WhatsApp-Image-2023-06-15-at-11.31.23-AM.jpeg\" class=\"attachment-full size-full\" alt=\"\" srcset=\"https:\/\/gruposimel.com\/wp-content\/uploads\/2023\/10\/WhatsApp-Image-2023-06-15-at-11.31.23-AM.jpeg 1024w, https:\/\/gruposimel.com\/wp-content\/uploads\/2023\/10\/WhatsApp-Image-2023-06-15-at-11.31.23-AM-300x225.jpeg 300w, https:\/\/gruposimel.com\/wp-content\/uploads\/2023\/10\/WhatsApp-Image-2023-06-15-at-11.31.23-AM-768x576.jpeg 768w\" sizes=\"(max-width: 1024px) 100vw, 1024px\" \/><\/a>\n\t\t\t<\/div><\/figure><figure class='gallery-item'>\n\t\t\t<div class='gallery-icon landscape'>\n\t\t\t\t<a data-elementor-open-lightbox=\"yes\" data-elementor-lightbox-slideshow=\"994eaea\" data-elementor-lightbox-title=\"5\" data-e-action-hash=\"#elementor-action%3Aaction%3Dlightbox%26settings%3DeyJpZCI6Mzc5LCJ1cmwiOiJodHRwczpcL1wvZ3J1cG9zaW1lbC5jb21cL3dwLWNvbnRlbnRcL3VwbG9hZHNcLzIwMjNcLzA5XC81LmpwZyIsInNsaWRlc2hvdyI6Ijk5NGVhZWEifQ%3D%3D\" href='https:\/\/gruposimel.com\/wp-content\/uploads\/2023\/09\/5.jpg'><img loading=\"lazy\" decoding=\"async\" width=\"370\" height=\"281\" src=\"https:\/\/gruposimel.com\/wp-content\/uploads\/2023\/09\/5.jpg\" class=\"attachment-full size-full\" alt=\"\" srcset=\"https:\/\/gruposimel.com\/wp-content\/uploads\/2023\/09\/5.jpg 370w, https:\/\/gruposimel.com\/wp-content\/uploads\/2023\/09\/5-300x228.jpg 300w\" sizes=\"(max-width: 370px) 100vw, 370px\" \/><\/a>\n\t\t\t<\/div><\/figure><figure class='gallery-item'>\n\t\t\t<div class='gallery-icon landscape'>\n\t\t\t\t<a data-elementor-open-lightbox=\"yes\" data-elementor-lightbox-slideshow=\"994eaea\" data-elementor-lightbox-title=\"4\" data-e-action-hash=\"#elementor-action%3Aaction%3Dlightbox%26settings%3DeyJpZCI6Mzc4LCJ1cmwiOiJodHRwczpcL1wvZ3J1cG9zaW1lbC5jb21cL3dwLWNvbnRlbnRcL3VwbG9hZHNcLzIwMjNcLzA5XC80LmpwZyIsInNsaWRlc2hvdyI6Ijk5NGVhZWEifQ%3D%3D\" href='https:\/\/gruposimel.com\/wp-content\/uploads\/2023\/09\/4.jpg'><img loading=\"lazy\" decoding=\"async\" width=\"370\" height=\"281\" src=\"https:\/\/gruposimel.com\/wp-content\/uploads\/2023\/09\/4.jpg\" class=\"attachment-full size-full\" alt=\"\" srcset=\"https:\/\/gruposimel.com\/wp-content\/uploads\/2023\/09\/4.jpg 370w, https:\/\/gruposimel.com\/wp-content\/uploads\/2023\/09\/4-300x228.jpg 300w\" sizes=\"(max-width: 370px) 100vw, 370px\" \/><\/a>\n\t\t\t<\/div><\/figure><figure class='gallery-item'>\n\t\t\t<div class='gallery-icon landscape'>\n\t\t\t\t<a data-elementor-open-lightbox=\"yes\" data-elementor-lightbox-slideshow=\"994eaea\" data-elementor-lightbox-title=\"3\" data-e-action-hash=\"#elementor-action%3Aaction%3Dlightbox%26settings%3DeyJpZCI6Mzc3LCJ1cmwiOiJodHRwczpcL1wvZ3J1cG9zaW1lbC5jb21cL3dwLWNvbnRlbnRcL3VwbG9hZHNcLzIwMjNcLzA5XC8zLmpwZyIsInNsaWRlc2hvdyI6Ijk5NGVhZWEifQ%3D%3D\" href='https:\/\/gruposimel.com\/wp-content\/uploads\/2023\/09\/3.jpg'><img loading=\"lazy\" decoding=\"async\" width=\"370\" height=\"281\" src=\"https:\/\/gruposimel.com\/wp-content\/uploads\/2023\/09\/3.jpg\" class=\"attachment-full size-full\" alt=\"\" srcset=\"https:\/\/gruposimel.com\/wp-content\/uploads\/2023\/09\/3.jpg 370w, https:\/\/gruposimel.com\/wp-content\/uploads\/2023\/09\/3-300x228.jpg 300w\" sizes=\"(max-width: 370px) 100vw, 370px\" \/><\/a>\n\t\t\t<\/div><\/figure><figure class='gallery-item'>\n\t\t\t<div class='gallery-icon landscape'>\n\t\t\t\t<a data-elementor-open-lightbox=\"yes\" data-elementor-lightbox-slideshow=\"994eaea\" data-elementor-lightbox-title=\"IMG-20220605-WA0030\" data-e-action-hash=\"#elementor-action%3Aaction%3Dlightbox%26settings%3DeyJpZCI6NjUwLCJ1cmwiOiJodHRwczpcL1wvZ3J1cG9zaW1lbC5jb21cL3dwLWNvbnRlbnRcL3VwbG9hZHNcLzIwMjNcLzEwXC9JTUctMjAyMjA2MDUtV0EwMDMwLmpwZyIsInNsaWRlc2hvdyI6Ijk5NGVhZWEifQ%3D%3D\" href='https:\/\/gruposimel.com\/wp-content\/uploads\/2023\/10\/IMG-20220605-WA0030.jpg'><img loading=\"lazy\" decoding=\"async\" width=\"1466\" height=\"1006\" src=\"https:\/\/gruposimel.com\/wp-content\/uploads\/2023\/10\/IMG-20220605-WA0030.jpg\" class=\"attachment-full size-full\" alt=\"\" srcset=\"https:\/\/gruposimel.com\/wp-content\/uploads\/2023\/10\/IMG-20220605-WA0030.jpg 1466w, https:\/\/gruposimel.com\/wp-content\/uploads\/2023\/10\/IMG-20220605-WA0030-300x206.jpg 300w, https:\/\/gruposimel.com\/wp-content\/uploads\/2023\/10\/IMG-20220605-WA0030-1024x703.jpg 1024w, https:\/\/gruposimel.com\/wp-content\/uploads\/2023\/10\/IMG-20220605-WA0030-768x527.jpg 768w, https:\/\/gruposimel.com\/wp-content\/uploads\/2023\/10\/IMG-20220605-WA0030-18x12.jpg 18w\" sizes=\"(max-width: 1466px) 100vw, 1466px\" \/><\/a>\n\t\t\t<\/div><\/figure><figure class='gallery-item'>\n\t\t\t<div class='gallery-icon portrait'>\n\t\t\t\t<a data-elementor-open-lightbox=\"yes\" data-elementor-lightbox-slideshow=\"994eaea\" data-elementor-lightbox-title=\"WhatsApp Image 2023-05-12 at 2.44.00 PM\" data-e-action-hash=\"#elementor-action%3Aaction%3Dlightbox%26settings%3DeyJpZCI6NTIzLCJ1cmwiOiJodHRwczpcL1wvZ3J1cG9zaW1lbC5jb21cL3dwLWNvbnRlbnRcL3VwbG9hZHNcLzIwMjNcLzEwXC9XaGF0c0FwcC1JbWFnZS0yMDIzLTA1LTEyLWF0LTIuNDQuMDAtUE0uanBlZyIsInNsaWRlc2hvdyI6Ijk5NGVhZWEifQ%3D%3D\" href='https:\/\/gruposimel.com\/wp-content\/uploads\/2023\/10\/WhatsApp-Image-2023-05-12-at-2.44.00-PM.jpeg'><img loading=\"lazy\" decoding=\"async\" width=\"1200\" height=\"1600\" src=\"https:\/\/gruposimel.com\/wp-content\/uploads\/2023\/10\/WhatsApp-Image-2023-05-12-at-2.44.00-PM.jpeg\" class=\"attachment-full size-full\" alt=\"\" srcset=\"https:\/\/gruposimel.com\/wp-content\/uploads\/2023\/10\/WhatsApp-Image-2023-05-12-at-2.44.00-PM.jpeg 1200w, https:\/\/gruposimel.com\/wp-content\/uploads\/2023\/10\/WhatsApp-Image-2023-05-12-at-2.44.00-PM-225x300.jpeg 225w, https:\/\/gruposimel.com\/wp-content\/uploads\/2023\/10\/WhatsApp-Image-2023-05-12-at-2.44.00-PM-768x1024.jpeg 768w, https:\/\/gruposimel.com\/wp-content\/uploads\/2023\/10\/WhatsApp-Image-2023-05-12-at-2.44.00-PM-1152x1536.jpeg 1152w\" sizes=\"(max-width: 1200px) 100vw, 1200px\" \/><\/a>\n\t\t\t<\/div><\/figure><figure class='gallery-item'>\n\t\t\t<div class='gallery-icon portrait'>\n\t\t\t\t<a data-elementor-open-lightbox=\"yes\" data-elementor-lightbox-slideshow=\"994eaea\" data-elementor-lightbox-title=\"WhatsApp Image 2023-05-12 at 2.43.58 PM\" data-e-action-hash=\"#elementor-action%3Aaction%3Dlightbox%26settings%3DeyJpZCI6NTIyLCJ1cmwiOiJodHRwczpcL1wvZ3J1cG9zaW1lbC5jb21cL3dwLWNvbnRlbnRcL3VwbG9hZHNcLzIwMjNcLzEwXC9XaGF0c0FwcC1JbWFnZS0yMDIzLTA1LTEyLWF0LTIuNDMuNTgtUE0uanBlZyIsInNsaWRlc2hvdyI6Ijk5NGVhZWEifQ%3D%3D\" href='https:\/\/gruposimel.com\/wp-content\/uploads\/2023\/10\/WhatsApp-Image-2023-05-12-at-2.43.58-PM.jpeg'><img loading=\"lazy\" decoding=\"async\" width=\"1200\" height=\"1600\" src=\"https:\/\/gruposimel.com\/wp-content\/uploads\/2023\/10\/WhatsApp-Image-2023-05-12-at-2.43.58-PM.jpeg\" class=\"attachment-full size-full\" alt=\"\" srcset=\"https:\/\/gruposimel.com\/wp-content\/uploads\/2023\/10\/WhatsApp-Image-2023-05-12-at-2.43.58-PM.jpeg 1200w, https:\/\/gruposimel.com\/wp-content\/uploads\/2023\/10\/WhatsApp-Image-2023-05-12-at-2.43.58-PM-225x300.jpeg 225w, https:\/\/gruposimel.com\/wp-content\/uploads\/2023\/10\/WhatsApp-Image-2023-05-12-at-2.43.58-PM-768x1024.jpeg 768w, https:\/\/gruposimel.com\/wp-content\/uploads\/2023\/10\/WhatsApp-Image-2023-05-12-at-2.43.58-PM-1152x1536.jpeg 1152w\" sizes=\"(max-width: 1200px) 100vw, 1200px\" \/><\/a>\n\t\t\t<\/div><\/figure>\n\t\t<\/div>\n\t\t<\/div>\n\t\t\t\t\t\t<\/div>\n\t\t\t\t<\/div>\n\t\t\t\t\t<\/div>\n\t\t<\/div>\n\t\t\t\t\t<\/div>\n\t\t<\/section>\n\t\t\t\t\t<\/div>\n\t\t<\/div>\n\t\t\t\t\t<\/div>\n\t\t<\/section>\n\t\t\t\t<\/div>","protected":false},"excerpt":{"rendered":"<p>HOME &#8211; EQUIPOS GRUPO SIMEL CORP Contamos con nuestra propia gama de equipos, herramientas y veh\u00edculos necesarios para el eficaz desarrollo de los diferentes proyectos, debidamente optimizados para brindar una atenci\u00f3n r\u00e1pida, eficiente, manteniendo un monitoreo constante en la ejecuci\u00f3n de cada trabajo.<\/p>","protected":false},"author":1,"featured_media":0,"parent":0,"menu_order":0,"comment_status":"closed","ping_status":"closed","template":"","meta":{"_joinchat":[],"footnotes":""},"class_list":["post-336","page","type-page","status-publish"],"_links":{"self":[{"href":"https:\/\/gruposimel.com\/en\/wp-json\/wp\/v2\/pages\/336","targetHints":{"allow":["GET"]}}],"collection":[{"href":"https:\/\/gruposimel.com\/en\/wp-json\/wp\/v2\/pages"}],"about":[{"href":"https:\/\/gruposimel.com\/en\/wp-json\/wp\/v2\/types\/page"}],"author":[{"embeddable":true,"href":"https:\/\/gruposimel.com\/en\/wp-json\/wp\/v2\/users\/1"}],"replies":[{"embeddable":true,"href":"https:\/\/gruposimel.com\/en\/wp-json\/wp\/v2\/comments?post=336"}],"version-history":[{"count":41,"href":"https:\/\/gruposimel.com\/en\/wp-json\/wp\/v2\/pages\/336\/revisions"}],"predecessor-version":[{"id":1013,"href":"https:\/\/gruposimel.com\/en\/wp-json\/wp\/v2\/pages\/336\/revisions\/1013"}],"wp:attachment":[{"href":"https:\/\/gruposimel.com\/en\/wp-json\/wp\/v2\/media?parent=336"}],"curies":[{"name":"wp","href":"https:\/\/api.w.org\/{rel}","templated":true}]}}