{"id":360,"date":"2023-09-01T06:43:14","date_gmt":"2023-09-01T06:43:14","guid":{"rendered":"https:\/\/gruposimel.com\/websimel\/?page_id=360"},"modified":"2023-12-13T12:22:42","modified_gmt":"2023-12-13T12:22:42","slug":"proyectos","status":"publish","type":"page","link":"https:\/\/gruposimel.com\/en\/proyectos\/","title":{"rendered":"Projects"},"content":{"rendered":"<div data-elementor-type=\"wp-page\" data-elementor-id=\"360\" class=\"elementor elementor-360\" data-elementor-post-type=\"page\">\n\t\t\t\t\t\t<section class=\"elementor-section elementor-top-section elementor-element elementor-element-7bfdca3a elementor-section-stretched elementor-section-boxed elementor-section-height-default elementor-section-height-default\" data-id=\"7bfdca3a\" data-element_type=\"section\" data-settings=\"{&quot;background_background&quot;:&quot;classic&quot;,&quot;stretch_section&quot;:&quot;section-stretched&quot;}\">\n\t\t\t\t\t\t\t<div class=\"elementor-background-overlay\"><\/div>\n\t\t\t\t\t\t\t<div class=\"elementor-container elementor-column-gap-default\">\n\t\t\t\t\t<div class=\"elementor-column elementor-col-100 elementor-top-column elementor-element elementor-element-7cd25607\" data-id=\"7cd25607\" data-element_type=\"column\">\n\t\t\t<div class=\"elementor-widget-wrap elementor-element-populated\">\n\t\t\t\t\t\t<section class=\"elementor-section elementor-inner-section elementor-element elementor-element-beda8eb elementor-section-boxed elementor-section-height-default elementor-section-height-default\" data-id=\"beda8eb\" data-element_type=\"section\">\n\t\t\t\t\t\t<div class=\"elementor-container elementor-column-gap-default\">\n\t\t\t\t\t<div class=\"elementor-column elementor-col-33 elementor-inner-column elementor-element elementor-element-4114cb95\" data-id=\"4114cb95\" data-element_type=\"column\">\n\t\t\t<div class=\"elementor-widget-wrap\">\n\t\t\t\t\t\t\t<\/div>\n\t\t<\/div>\n\t\t\t\t<div class=\"elementor-column elementor-col-33 elementor-inner-column elementor-element elementor-element-271e2152\" data-id=\"271e2152\" data-element_type=\"column\">\n\t\t\t<div class=\"elementor-widget-wrap elementor-element-populated\">\n\t\t\t\t\t\t<div class=\"elementor-element elementor-element-3a65c2fe elementor-widget__width-inherit elementor-widget elementor-widget-heading\" data-id=\"3a65c2fe\" data-element_type=\"widget\" data-widget_type=\"heading.default\">\n\t\t\t\t<div class=\"elementor-widget-container\">\n\t\t\t\t\t<span class=\"elementor-heading-title elementor-size-default\">HOME - PROJECTS<\/span>\t\t\t\t<\/div>\n\t\t\t\t<\/div>\n\t\t\t\t\t<\/div>\n\t\t<\/div>\n\t\t\t\t<div class=\"elementor-column elementor-col-33 elementor-inner-column elementor-element elementor-element-6e325e44\" data-id=\"6e325e44\" data-element_type=\"column\">\n\t\t\t<div class=\"elementor-widget-wrap\">\n\t\t\t\t\t\t\t<\/div>\n\t\t<\/div>\n\t\t\t\t\t<\/div>\n\t\t<\/section>\n\t\t\t\t<div class=\"elementor-element elementor-element-759d835b elementor-widget elementor-widget-heading\" data-id=\"759d835b\" data-element_type=\"widget\" data-widget_type=\"heading.default\">\n\t\t\t\t<div class=\"elementor-widget-container\">\n\t\t\t\t\t<span class=\"elementor-heading-title elementor-size-default\">Projects<\/span>\t\t\t\t<\/div>\n\t\t\t\t<\/div>\n\t\t\t\t\t<\/div>\n\t\t<\/div>\n\t\t\t\t\t<\/div>\n\t\t<\/section>\n\t\t\t\t<section class=\"elementor-section elementor-top-section elementor-element elementor-element-7ff5b79f elementor-section-stretched elementor-section-boxed elementor-section-height-default elementor-section-height-default\" data-id=\"7ff5b79f\" data-element_type=\"section\" data-settings=\"{&quot;background_background&quot;:&quot;classic&quot;,&quot;stretch_section&quot;:&quot;section-stretched&quot;}\">\n\t\t\t\t\t\t<div class=\"elementor-container elementor-column-gap-no\">\n\t\t\t\t\t<div class=\"elementor-column elementor-col-100 elementor-top-column elementor-element elementor-element-3e4069f5\" data-id=\"3e4069f5\" data-element_type=\"column\">\n\t\t\t<div class=\"elementor-widget-wrap elementor-element-populated\">\n\t\t\t\t\t\t<div class=\"elementor-element elementor-element-a2179bb elementor-widget elementor-widget-text-editor\" data-id=\"a2179bb\" data-element_type=\"widget\" data-widget_type=\"text-editor.default\">\n\t\t\t\t<div class=\"elementor-widget-container\">\n\t\t\t\t\t\t\t\t\t<ul><li>Rural Electrification Project in Cieneguita A Alto Potrero, Besiko District, Ng\u00e4be Bugl\u00e9 Region 12 km of power lines.<\/li><li>Project at the Technological University of Panama, installation of high voltage poles for undergrounding and relocation of lines.<\/li><li>Rural Electrification Project in Loma Grande-Pozo Azul Penonom\u00e9 District, Cocl\u00e9 Province 4 km of power lines.<\/li><li>Supply of Underground Wiring in Pedestrian Crossing, Los Pueblos.<\/li><li>Installation of 14 Kilometers of 34KV Ecological Power Line, Los Algarrobos Hydroelectric Power Plant.<\/li><li>Installation of General and Auxiliary Services infrastructure, Machine House, Los Algarrobos Hydroelectric Plant.<\/li><li>Supply and installation of Equipotential Mayas for the Estrella, Los Valles and Esti Hydroelectric Plants, AES Panama.<\/li><li>Supply and Installation of Lightning Rod Systems, Nata and Los Santos plants, NESTLE PANAMA.<\/li><li>Supply and Installation of medium and low voltage infrastructure and internal wiring, Central Kitchen, MELO Group.<\/li><li>Conversion of single-phase line to three-phase and transformer bank in water intake, AES Panama.<\/li><li>Construction of Medium Voltage Connection for Line One, ALPLA PANAMA.<\/li><li>Construction of Medium Voltage Connection and low voltage wiring for Line Two, ALPLA PANAMA.<\/li><li>Redistribution of main switches and main distribution boards, Building of the General Comptroller of the Republic of Panama.<\/li><li>Construction of Syrup Pumping Booth, FEMSA Panama.<\/li><li>Supply and Installation of 2000 KVA cabinet transformer, medium voltage and secondary wiring, Industrias L\u00e1cteas S.A. Blue Star.<\/li><li>Supply and Installation of Electrical Infrastructure, Supreme Pasta, Pascual Food Products<\/li><li>Reconditioning of Medium and Low Voltage Connection, R\u00edo Abajo Poultry Packing Plant, MELO Group.<\/li><li>Installation of Syrup equipment, Coca Cola FEMSA.<\/li><li>Installation of all electrical distribution at the Hard Rock Hotel Panam\u00e1.<\/li><li>Installation of all electrical distribution of the PH Q Tower.<\/li><li>Installation of the Lighting System, Expansion of the Arraijan-La Chorrera Highway.<\/li><li>Construction of 34.5KV Hendrix Type Distribution Line (Ecological), ENSA.<\/li><li>Extension of Medium Voltage Connection, Cervecer\u00eda del Bar\u00fa.<\/li><li>Relocation Works of Medium Voltage Poles and Lines, Expansion of the Jos\u00e9 Domingo D\u00edaz Road and Tocumen Road.<\/li><li>Maintenance of Low Voltage Infrastructure, Pacific Area, Panama Canal<strong> Panam\u00e1.<\/strong><\/li><\/ul>\t\t\t\t\t\t\t\t<\/div>\n\t\t\t\t<\/div>\n\t\t\t\t\t<\/div>\n\t\t<\/div>\n\t\t\t\t\t<\/div>\n\t\t<\/section>\n\t\t\t\t<\/div>","protected":false},"excerpt":{"rendered":"<p>HOME &#8211; PROYECTOS Proyecto de Electrificaci\u00f3n rural en Cieneguita A Alto Potrero, Distrito De Besiko, Comarca Nga\u0308be Bugle\u0301 12 km de tendido el\u00e9ctrico. Proyecto en la Universidad tecnol\u00f3gica de Panam\u00e1, instalaci\u00f3n de postes de alta tensi\u00f3n para soterrado y reubicaci\u00f3n de l\u00edneas. Proyecto De Electrificaci\u00f3n Rural En Loma Grande-Pozo Azul Distrito De Penonome\u0301, Prov. De &#8230; <a title=\"Projects\" class=\"read-more\" href=\"https:\/\/gruposimel.com\/en\/proyectos\/\" aria-label=\"More on Proyectos\">Read more<\/a><\/p>","protected":false},"author":1,"featured_media":0,"parent":0,"menu_order":0,"comment_status":"closed","ping_status":"closed","template":"","meta":{"_joinchat":[],"footnotes":""},"class_list":["post-360","page","type-page","status-publish"],"_links":{"self":[{"href":"https:\/\/gruposimel.com\/en\/wp-json\/wp\/v2\/pages\/360","targetHints":{"allow":["GET"]}}],"collection":[{"href":"https:\/\/gruposimel.com\/en\/wp-json\/wp\/v2\/pages"}],"about":[{"href":"https:\/\/gruposimel.com\/en\/wp-json\/wp\/v2\/types\/page"}],"author":[{"embeddable":true,"href":"https:\/\/gruposimel.com\/en\/wp-json\/wp\/v2\/users\/1"}],"replies":[{"embeddable":true,"href":"https:\/\/gruposimel.com\/en\/wp-json\/wp\/v2\/comments?post=360"}],"version-history":[{"count":19,"href":"https:\/\/gruposimel.com\/en\/wp-json\/wp\/v2\/pages\/360\/revisions"}],"predecessor-version":[{"id":642,"href":"https:\/\/gruposimel.com\/en\/wp-json\/wp\/v2\/pages\/360\/revisions\/642"}],"wp:attachment":[{"href":"https:\/\/gruposimel.com\/en\/wp-json\/wp\/v2\/media?parent=360"}],"curies":[{"name":"wp","href":"https:\/\/api.w.org\/{rel}","templated":true}]}}