{"id":751,"date":"2023-10-18T16:05:56","date_gmt":"2023-10-18T16:05:56","guid":{"rendered":"https:\/\/gruposimel.com\/websimel\/sobre-nosotros-copy\/"},"modified":"2023-12-13T12:24:20","modified_gmt":"2023-12-13T12:24:20","slug":"noticias","status":"publish","type":"page","link":"https:\/\/gruposimel.com\/en\/noticias\/","title":{"rendered":"News"},"content":{"rendered":"<div data-elementor-type=\"wp-page\" data-elementor-id=\"751\" class=\"elementor elementor-751\" data-elementor-post-type=\"page\">\n\t\t\t\t\t\t<section class=\"elementor-section elementor-top-section elementor-element elementor-element-c41df25 elementor-section-full_width elementor-section-stretched elementor-section-height-default elementor-section-height-default\" data-id=\"c41df25\" data-element_type=\"section\" data-settings=\"{&quot;background_background&quot;:&quot;classic&quot;,&quot;stretch_section&quot;:&quot;section-stretched&quot;}\">\n\t\t\t\t\t\t\t<div class=\"elementor-background-overlay\"><\/div>\n\t\t\t\t\t\t\t<div class=\"elementor-container elementor-column-gap-default\">\n\t\t\t\t\t<div class=\"elementor-column elementor-col-100 elementor-top-column elementor-element elementor-element-66a495bd\" data-id=\"66a495bd\" data-element_type=\"column\">\n\t\t\t<div class=\"elementor-widget-wrap elementor-element-populated\">\n\t\t\t\t\t\t<section class=\"elementor-section elementor-inner-section elementor-element elementor-element-1a2b5f3e elementor-section-boxed elementor-section-height-default elementor-section-height-default\" data-id=\"1a2b5f3e\" data-element_type=\"section\">\n\t\t\t\t\t\t<div class=\"elementor-container elementor-column-gap-default\">\n\t\t\t\t\t<div class=\"elementor-column elementor-col-33 elementor-inner-column elementor-element elementor-element-63e7f129\" data-id=\"63e7f129\" data-element_type=\"column\">\n\t\t\t<div class=\"elementor-widget-wrap\">\n\t\t\t\t\t\t\t<\/div>\n\t\t<\/div>\n\t\t\t\t<div class=\"elementor-column elementor-col-33 elementor-inner-column elementor-element elementor-element-fd4d5e8\" data-id=\"fd4d5e8\" data-element_type=\"column\">\n\t\t\t<div class=\"elementor-widget-wrap elementor-element-populated\">\n\t\t\t\t\t\t<div class=\"elementor-element elementor-element-13a6420c elementor-widget__width-inherit elementor-widget elementor-widget-heading\" data-id=\"13a6420c\" data-element_type=\"widget\" data-widget_type=\"heading.default\">\n\t\t\t\t<div class=\"elementor-widget-container\">\n\t\t\t\t\t<span class=\"elementor-heading-title elementor-size-default\">HOME - NEWS <\/span>\t\t\t\t<\/div>\n\t\t\t\t<\/div>\n\t\t\t\t\t<\/div>\n\t\t<\/div>\n\t\t\t\t<div class=\"elementor-column elementor-col-33 elementor-inner-column elementor-element elementor-element-75a0b34\" data-id=\"75a0b34\" data-element_type=\"column\">\n\t\t\t<div class=\"elementor-widget-wrap\">\n\t\t\t\t\t\t\t<\/div>\n\t\t<\/div>\n\t\t\t\t\t<\/div>\n\t\t<\/section>\n\t\t\t\t<div class=\"elementor-element elementor-element-534cf828 elementor-widget elementor-widget-heading\" data-id=\"534cf828\" data-element_type=\"widget\" data-widget_type=\"heading.default\">\n\t\t\t\t<div class=\"elementor-widget-container\">\n\t\t\t\t\t<span class=\"elementor-heading-title elementor-size-default\">NEWS <\/span>\t\t\t\t<\/div>\n\t\t\t\t<\/div>\n\t\t\t\t\t<\/div>\n\t\t<\/div>\n\t\t\t\t\t<\/div>\n\t\t<\/section>\n\t\t\t\t<section class=\"elementor-section elementor-top-section elementor-element elementor-element-7edc67d elementor-section-boxed elementor-section-height-default elementor-section-height-default\" data-id=\"7edc67d\" data-element_type=\"section\">\n\t\t\t\t\t\t<div class=\"elementor-container elementor-column-gap-default\">\n\t\t\t\t\t<div class=\"elementor-column elementor-col-100 elementor-top-column elementor-element elementor-element-e5c4020\" data-id=\"e5c4020\" data-element_type=\"column\">\n\t\t\t<div class=\"elementor-widget-wrap elementor-element-populated\">\n\t\t\t\t\t\t<div class=\"elementor-element elementor-element-672e4e9 elementor-widget elementor-widget-tfposts\" data-id=\"672e4e9\" data-element_type=\"widget\" data-widget_type=\"tfposts.default\">\n\t\t\t\t<div class=\"elementor-widget-container\">\n\t\t\t\t\t\t\t<div id=\"tf-posts-672e4e9\" class=\"tf-posts-672e4e9 tf-posts-wrap     no-arrow no-bullets  featured-post-\" data-tabid=\"672e4e9\" data-class_id=\"tf-posts-672e4e9\" data-loop=\"\" data-auto=\"\" data-column=\"\" data-column2=\"\" data-column3=\"\" data-spacer=\"\" data-prev_icon=\"\" data-next_icon=\"\" >\t\t\t\r\n\t\t\t<div class=\"tf-posts  list\">\r\n\t\t\t\t\t\t\t\t\t\t\r\n\t\t\t\t\t\t\t\t<div class=\"column\">\r\n\t\t\t\t\t<div class=\"entry blog-post\">\r\n\t\t\t\t\t\t\t\t\t\t\t\t\t\t<div class=\"featured-post\">\r\n\t\t\t\t\t\t\t\t\t<img decoding=\"async\" src=\"https:\/\/gruposimel.com\/wp-content\/uploads\/2024\/02\/simel-x21-714x1024.jpg\" alt=\"image\">\t\t\t\t\t\t\t\t\t\t\t\t\t\t\t\t\t\t<a href=\"https:\/\/gruposimel.com\/en\/simel-es-certificada-en-la-norma-iso-9001-2015\/\" class=\"overlay\">\r\n\t\t\t\t\t\t\t\t\t\t<i class=\"\" aria-hidden=\"true\"><\/i>\t\t\t\t\t\t\t\t\t<\/a>\r\n\t\t\t\t\t\t\t\t\t\t\t\t\t\t\t\t\t\t\r\n\t\t\t\t\t\t\t\t<\/div>\r\n\t\t\t\t\t\t\t\t\t\t\t\t\t\t<div class=\"content\">\r\n\t\t\t\t\t\t\t\t\r\n\t\t\t\t\t\t\t\t\t\t\t\t\t\t\t\t\t<h2 class=\"title\"><a href=\"https:\/\/gruposimel.com\/en\/simel-es-certificada-en-la-norma-iso-9001-2015\/\" title=\"SIMEL ES CERTIFICADA EN LA NORMA ISO 9001: 2015\">SIMEL ES CERTIFICADA EN LA NORMA ISO 9001: 2015<\/a><\/h2>\r\n\t\t\t\t\t\t\t\t\r\n\t\t\t\t\t\t\t\t\r\n\t\t\t\t\t\t\t\t\t\t\t\t\t\t\t\t\t<div class=\"content-post\">El Organismo de Certificaci\u00f3n internacional, IGC International Global Certification, entreg\u00f3 hoy a la alta gerencia de la Empresa Servicio de Ingenier\u00eda y mantenimiento El\u00e9ctrico S.A (SIMEL) la certificaci\u00f3n en Gesti\u00f3n&hellip;<\/div>\r\n\t\t\t\t\t\t\t\t\t\t\t\t\t\t\t\t\r\n\t\t\t\t\t\t\t\t\t\t\t\t\t\t\t\t\t<div class=\"tf-button-container\">\r\n\t\t\t\t\t\t\t\t\t\t<a href=\"https:\/\/gruposimel.com\/en\/simel-es-certificada-en-la-norma-iso-9001-2015\/\" class=\"tf-button bt_icon_after\">\r\n\t\t\t\t\t\t\t\t\t\t\tRead more<i class=\"fas fa-angle-double-right\" aria-hidden=\"true\"><\/i> \r\n\t\t\t\t\t\t\t\t\t\t<\/a>\r\n\t\t\t\t\t\t\t\t\t<\/div>\r\n\t\t\t\t\t\t\t\t\t\t\t\t\t\t\r\n\t\t\t\t\t\t\t<\/div>\r\n\t\t\t\t\t\t\t\t\t\t\t\t\t\r\n\t\t\t\t\t<\/div>\r\n\t\t\t\t<\/div>\r\n\t\t\t\t\t\t\t\t<div class=\"column\">\r\n\t\t\t\t\t<div class=\"entry blog-post\">\r\n\t\t\t\t\t\t\t\t\t\t\t\t\t\t<div class=\"featured-post\">\r\n\t\t\t\t\t\t\t\t\t<img decoding=\"async\" src=\"https:\/\/gruposimel.com\/wp-content\/uploads\/2023\/10\/s-1024x683.jpg\" alt=\"image\">\t\t\t\t\t\t\t\t\t\t\t\t\t\t\t\t\t\t<a href=\"https:\/\/gruposimel.com\/en\/simel-recibe-reconocimiento-por-parte-del-ministerio-de-ambiente-por-culminar-la-primera-etapa-del-programa-reduce-tu-huella-corporativo-hidrico\/\" class=\"overlay\">\r\n\t\t\t\t\t\t\t\t\t\t<i class=\"\" aria-hidden=\"true\"><\/i>\t\t\t\t\t\t\t\t\t<\/a>\r\n\t\t\t\t\t\t\t\t\t\t\t\t\t\t\t\t\t\t\r\n\t\t\t\t\t\t\t\t<\/div>\r\n\t\t\t\t\t\t\t\t\t\t\t\t\t\t<div class=\"content\">\r\n\t\t\t\t\t\t\t\t\r\n\t\t\t\t\t\t\t\t\t\t\t\t\t\t\t\t\t<h2 class=\"title\"><a href=\"https:\/\/gruposimel.com\/en\/simel-recibe-reconocimiento-por-parte-del-ministerio-de-ambiente-por-culminar-la-primera-etapa-del-programa-reduce-tu-huella-corporativo-hidrico\/\" title=\"SIMEL receives recognition from the Ministry of the Environment for completing the first stage of the Reduce Your Corporate-Water Footprint Program.\">SIMEL receives recognition from the Ministry of the Environment for completing the first stage of the Reduce Your Corporate-Water Footprint Program.<\/a><\/h2>\r\n\t\t\t\t\t\t\t\t\r\n\t\t\t\t\t\t\t\t\r\n\t\t\t\t\t\t\t\t\t\t\t\t\t\t\t\t\t<div class=\"content-post\">The Ministry of the Environment (MiAMBIENTE) awarded recognition to 15 companies for their efforts in better management of water resources and reduction of consumption. It is the first award of recognition\u2026<\/div>\r\n\t\t\t\t\t\t\t\t\t\t\t\t\t\t\t\t\r\n\t\t\t\t\t\t\t\t\t\t\t\t\t\t\t\t\t<div class=\"tf-button-container\">\r\n\t\t\t\t\t\t\t\t\t\t<a href=\"https:\/\/gruposimel.com\/en\/simel-recibe-reconocimiento-por-parte-del-ministerio-de-ambiente-por-culminar-la-primera-etapa-del-programa-reduce-tu-huella-corporativo-hidrico\/\" class=\"tf-button bt_icon_after\">\r\n\t\t\t\t\t\t\t\t\t\t\tRead more<i class=\"fas fa-angle-double-right\" aria-hidden=\"true\"><\/i> \r\n\t\t\t\t\t\t\t\t\t\t<\/a>\r\n\t\t\t\t\t\t\t\t\t<\/div>\r\n\t\t\t\t\t\t\t\t\t\t\t\t\t\t\r\n\t\t\t\t\t\t\t<\/div>\r\n\t\t\t\t\t\t\t\t\t\t\t\t\t\r\n\t\t\t\t\t<\/div>\r\n\t\t\t\t<\/div>\r\n\t\t\t\t\t\t\t\t\t\t\t<\/div>\r\n\t\t\t\t\r\n\t\t\t\t\t\t<nav class=\"navigation navigation-numeric-link\" role=\"navigation\">\r\n\t\t\t\t<div class=\"pagination loop-pagination left\">\r\n\t\t\t\t\t\t\t\t<\/div>\r\n\t\t\t<\/nav>\r\n\t\t\t\t\t<\/div>\r\n\r\n\t\t\t\t\t\t<\/div>\n\t\t\t\t<\/div>\n\t\t\t\t\t<\/div>\n\t\t<\/div>\n\t\t\t\t\t<\/div>\n\t\t<\/section>\n\t\t\t\t<section class=\"elementor-section elementor-top-section elementor-element elementor-element-4e3f873e elementor-section-stretched elementor-section-boxed elementor-section-height-default elementor-section-height-default\" data-id=\"4e3f873e\" data-element_type=\"section\" data-settings=\"{&quot;background_background&quot;:&quot;classic&quot;,&quot;stretch_section&quot;:&quot;section-stretched&quot;}\">\n\t\t\t\t\t\t\t<div class=\"elementor-background-overlay\"><\/div>\n\t\t\t\t\t\t\t<div class=\"elementor-container elementor-column-gap-default\">\n\t\t\t\t\t<div class=\"elementor-column elementor-col-100 elementor-top-column elementor-element elementor-element-7e00aac7\" data-id=\"7e00aac7\" data-element_type=\"column\">\n\t\t\t<div class=\"elementor-widget-wrap elementor-element-populated\">\n\t\t\t\t\t\t<div class=\"elementor-element elementor-element-31dd221f elementor-hidden-desktop elementor-hidden-tablet elementor-hidden-mobile elementor-widget elementor-widget-heading\" data-id=\"31dd221f\" data-element_type=\"widget\" data-widget_type=\"heading.default\">\n\t\t\t\t<div class=\"elementor-widget-container\">\n\t\t\t\t\t<span class=\"elementor-heading-title elementor-size-default\">DON'T HESTITATE TO CONTACT US<\/span>\t\t\t\t<\/div>\n\t\t\t\t<\/div>\n\t\t\t\t<div class=\"elementor-element elementor-element-6f35b7dd elementor-widget elementor-widget-heading\" data-id=\"6f35b7dd\" data-element_type=\"widget\" data-widget_type=\"heading.default\">\n\t\t\t\t<div class=\"elementor-widget-container\">\n\t\t\t\t\t<h2 class=\"elementor-heading-title elementor-size-default\">For a better future and business, let's start now<\/h2>\t\t\t\t<\/div>\n\t\t\t\t<\/div>\n\t\t\t\t<div class=\"elementor-element elementor-element-cc4e9da elementor-align-center elementor-widget elementor-widget-button\" data-id=\"cc4e9da\" data-element_type=\"widget\" data-widget_type=\"button.default\">\n\t\t\t\t<div class=\"elementor-widget-container\">\n\t\t\t\t\t\t\t\t\t<div class=\"elementor-button-wrapper\">\n\t\t\t\t\t<a class=\"elementor-button elementor-button-link elementor-size-sm\" href=\"https:\/\/gruposimel.com\/en\/contacto\/\">\n\t\t\t\t\t\t<span class=\"elementor-button-content-wrapper\">\n\t\t\t\t\t\t\t\t\t<span class=\"elementor-button-text\">CONTACT US<\/span>\n\t\t\t\t\t<\/span>\n\t\t\t\t\t<\/a>\n\t\t\t\t<\/div>\n\t\t\t\t\t\t\t\t<\/div>\n\t\t\t\t<\/div>\n\t\t\t\t\t<\/div>\n\t\t<\/div>\n\t\t\t\t\t<\/div>\n\t\t<\/section>\n\t\t\t\t<\/div>","protected":false},"excerpt":{"rendered":"<p>HOME &#8211; NOTICIAS NOTICIAS SIMEL recibe reconocimiento por parte del Ministerio de Ambiente por culminar la primera etapa del Programa Reduce Tu huella Corporativo- H\u00eddrico. El Ministerio de Ambiente (MiAMBIENTE) entreg\u00f3 reconocimientos a 15 empresas por su esfuerzo en una mejor gesti\u00f3n del recurso h\u00eddrico y reducci\u00f3n del consumo. Es la primera entrega de reconocimiento&hellip; &#8230; <a title=\"SIMEL receives recognition from the Ministry of the Environment for completing the first stage of the Reduce Your Corporate-Water Footprint Program.\" class=\"read-more\" href=\"https:\/\/gruposimel.com\/en\/simel-recibe-reconocimiento-por-parte-del-ministerio-de-ambiente-por-culminar-la-primera-etapa-del-programa-reduce-tu-huella-corporativo-hidrico\/\" aria-label=\"More on SIMEL recibe reconocimiento por parte del Ministerio de Ambiente por culminar la primera etapa del Programa Reduce Tu huella Corporativo- H\u00eddrico.\">Read more<\/a><\/p>","protected":false},"author":1,"featured_media":0,"parent":0,"menu_order":0,"comment_status":"closed","ping_status":"closed","template":"elementor_header_footer","meta":{"_joinchat":[],"footnotes":""},"class_list":["post-751","page","type-page","status-publish","hentry"],"_links":{"self":[{"href":"https:\/\/gruposimel.com\/en\/wp-json\/wp\/v2\/pages\/751","targetHints":{"allow":["GET"]}}],"collection":[{"href":"https:\/\/gruposimel.com\/en\/wp-json\/wp\/v2\/pages"}],"about":[{"href":"https:\/\/gruposimel.com\/en\/wp-json\/wp\/v2\/types\/page"}],"author":[{"embeddable":true,"href":"https:\/\/gruposimel.com\/en\/wp-json\/wp\/v2\/users\/1"}],"replies":[{"embeddable":true,"href":"https:\/\/gruposimel.com\/en\/wp-json\/wp\/v2\/comments?post=751"}],"version-history":[{"count":13,"href":"https:\/\/gruposimel.com\/en\/wp-json\/wp\/v2\/pages\/751\/revisions"}],"predecessor-version":[{"id":768,"href":"https:\/\/gruposimel.com\/en\/wp-json\/wp\/v2\/pages\/751\/revisions\/768"}],"wp:attachment":[{"href":"https:\/\/gruposimel.com\/en\/wp-json\/wp\/v2\/media?parent=751"}],"curies":[{"name":"wp","href":"https:\/\/api.w.org\/{rel}","templated":true}]}}