{"id":772,"date":"2023-10-24T14:30:56","date_gmt":"2023-10-24T14:30:56","guid":{"rendered":"https:\/\/gruposimel.com\/websimel\/ingenieria-electrica-copy\/"},"modified":"2023-12-13T05:25:36","modified_gmt":"2023-12-13T05:25:36","slug":"industrial-y-comercial","status":"publish","type":"page","link":"https:\/\/gruposimel.com\/en\/industrial-y-comercial\/","title":{"rendered":"Industrial and Commercial"},"content":{"rendered":"<div data-elementor-type=\"wp-page\" data-elementor-id=\"772\" class=\"elementor elementor-772\" data-elementor-post-type=\"page\">\n\t\t\t\t\t\t<section class=\"elementor-section elementor-top-section elementor-element elementor-element-e827441 elementor-section-stretched elementor-section-boxed elementor-section-height-default elementor-section-height-default\" data-id=\"e827441\" data-element_type=\"section\" data-settings=\"{&quot;background_background&quot;:&quot;classic&quot;,&quot;stretch_section&quot;:&quot;section-stretched&quot;}\">\n\t\t\t\t\t\t\t<div class=\"elementor-background-overlay\"><\/div>\n\t\t\t\t\t\t\t<div class=\"elementor-container elementor-column-gap-default\">\n\t\t\t\t\t<div class=\"elementor-column elementor-col-100 elementor-top-column elementor-element elementor-element-54400e2\" data-id=\"54400e2\" data-element_type=\"column\">\n\t\t\t<div class=\"elementor-widget-wrap elementor-element-populated\">\n\t\t\t\t\t\t<section class=\"elementor-section elementor-inner-section elementor-element elementor-element-6fd88fa elementor-section-boxed elementor-section-height-default elementor-section-height-default\" data-id=\"6fd88fa\" data-element_type=\"section\">\n\t\t\t\t\t\t<div class=\"elementor-container elementor-column-gap-default\">\n\t\t\t\t\t<div class=\"elementor-column elementor-col-33 elementor-inner-column elementor-element elementor-element-aade1f2\" data-id=\"aade1f2\" data-element_type=\"column\">\n\t\t\t<div class=\"elementor-widget-wrap\">\n\t\t\t\t\t\t\t<\/div>\n\t\t<\/div>\n\t\t\t\t<div class=\"elementor-column elementor-col-33 elementor-inner-column elementor-element elementor-element-c5ffa20\" data-id=\"c5ffa20\" data-element_type=\"column\">\n\t\t\t<div class=\"elementor-widget-wrap\">\n\t\t\t\t\t\t\t<\/div>\n\t\t<\/div>\n\t\t\t\t<div class=\"elementor-column elementor-col-33 elementor-inner-column elementor-element elementor-element-febc8d2\" data-id=\"febc8d2\" data-element_type=\"column\">\n\t\t\t<div class=\"elementor-widget-wrap\">\n\t\t\t\t\t\t\t<\/div>\n\t\t<\/div>\n\t\t\t\t\t<\/div>\n\t\t<\/section>\n\t\t\t\t<div class=\"elementor-element elementor-element-eecd1ba elementor-widget elementor-widget-spacer\" data-id=\"eecd1ba\" data-element_type=\"widget\" data-widget_type=\"spacer.default\">\n\t\t\t\t<div class=\"elementor-widget-container\">\n\t\t\t\t\t\t\t<div class=\"elementor-spacer\">\n\t\t\t<div class=\"elementor-spacer-inner\"><\/div>\n\t\t<\/div>\n\t\t\t\t\t\t<\/div>\n\t\t\t\t<\/div>\n\t\t\t\t<div class=\"elementor-element elementor-element-df28719 elementor-widget elementor-widget-heading\" data-id=\"df28719\" data-element_type=\"widget\" data-widget_type=\"heading.default\">\n\t\t\t\t<div class=\"elementor-widget-container\">\n\t\t\t\t\t<span class=\"elementor-heading-title elementor-size-default\">Industrial and Commercial<\/span>\t\t\t\t<\/div>\n\t\t\t\t<\/div>\n\t\t\t\t\t<\/div>\n\t\t<\/div>\n\t\t\t\t\t<\/div>\n\t\t<\/section>\n\t\t\t\t<section class=\"elementor-section elementor-top-section elementor-element elementor-element-f71bd2c elementor-section-stretched elementor-section-boxed elementor-section-height-default elementor-section-height-default\" data-id=\"f71bd2c\" data-element_type=\"section\" data-settings=\"{&quot;stretch_section&quot;:&quot;section-stretched&quot;}\">\n\t\t\t\t\t\t<div class=\"elementor-container elementor-column-gap-default\">\n\t\t\t\t\t<div class=\"elementor-column elementor-col-100 elementor-top-column elementor-element elementor-element-bb16140\" data-id=\"bb16140\" data-element_type=\"column\">\n\t\t\t<div class=\"elementor-widget-wrap elementor-element-populated\">\n\t\t\t\t\t\t<div class=\"elementor-element elementor-element-a7286bd elementor-widget elementor-widget-heading\" data-id=\"a7286bd\" data-element_type=\"widget\" data-widget_type=\"heading.default\">\n\t\t\t\t<div class=\"elementor-widget-container\">\n\t\t\t\t\t<h2 class=\"elementor-heading-title elementor-size-default\">We are a leading industrial and commercial electrical services company in the sector. We have acquired our experience by fully participating in the organization and execution of highly relevant projects such as industrial plants, food processing plants, airports, hotels, energy production plants, always attending to and prioritizing quality and customer service.<\/h2>\t\t\t\t<\/div>\n\t\t\t\t<\/div>\n\t\t\t\t\t<\/div>\n\t\t<\/div>\n\t\t\t\t\t<\/div>\n\t\t<\/section>\n\t\t\t\t<section class=\"elementor-section elementor-top-section elementor-element elementor-element-4317830 elementor-section-boxed elementor-section-height-default elementor-section-height-default\" data-id=\"4317830\" data-element_type=\"section\">\n\t\t\t\t\t\t<div class=\"elementor-container elementor-column-gap-default\">\n\t\t\t\t\t<div class=\"elementor-column elementor-col-100 elementor-top-column elementor-element elementor-element-654c218\" data-id=\"654c218\" data-element_type=\"column\">\n\t\t\t<div class=\"elementor-widget-wrap elementor-element-populated\">\n\t\t\t\t\t\t<div class=\"elementor-element elementor-element-550068e elementor-widget elementor-widget-heading\" data-id=\"550068e\" data-element_type=\"widget\" data-widget_type=\"heading.default\">\n\t\t\t\t<div class=\"elementor-widget-container\">\n\t\t\t\t\t<span class=\"elementor-heading-title elementor-size-default\">Our service includes <\/span>\t\t\t\t<\/div>\n\t\t\t\t<\/div>\n\t\t\t\t<div class=\"elementor-element elementor-element-af7a293 elementor-widget elementor-widget-heading\" data-id=\"af7a293\" data-element_type=\"widget\" data-widget_type=\"heading.default\">\n\t\t\t\t<div class=\"elementor-widget-container\">\n\t\t\t\t\t<h2 class=\"elementor-heading-title elementor-size-default\">- Transformers<br>\n- Design and engineering<br>\n- Circuit breakers<br>\n- Analysis of insulating oil (transformers)<br>\n-\tVibration analysis<br>\n- Protection Systems <br>\n- Mantenimiento de instalaciones en medio o bajo voltaje.\n<\/h2>\t\t\t\t<\/div>\n\t\t\t\t<\/div>\n\t\t\t\t\t<\/div>\n\t\t<\/div>\n\t\t\t\t\t<\/div>\n\t\t<\/section>\n\t\t\t\t<\/div>","protected":false},"excerpt":{"rendered":"<p>Somos una empresa de servicios el\u00e9ctricos industriales y comercial l\u00edder en el sector. Hemos adquirido nuestra experiencia participando \u00edntegramente en la organizaci\u00f3n y ejecuci\u00f3n de proyectos de gran relevancia como son plantas industriales, plantas de procesamiento de alimentos, aeropuertos, hoteles, plantas de producci\u00f3n de energ\u00eda, siempre atendiendo y priorizando la calidad y atenci\u00f3n a cliente. &#8230; <a title=\"Industrial and Commercial\" class=\"read-more\" href=\"https:\/\/gruposimel.com\/en\/industrial-y-comercial\/\" aria-label=\"More on Industrial y Comercial\">Read more<\/a><\/p>","protected":false},"author":1,"featured_media":0,"parent":0,"menu_order":0,"comment_status":"closed","ping_status":"closed","template":"","meta":{"_joinchat":[],"footnotes":""},"class_list":["post-772","page","type-page","status-publish"],"_links":{"self":[{"href":"https:\/\/gruposimel.com\/en\/wp-json\/wp\/v2\/pages\/772","targetHints":{"allow":["GET"]}}],"collection":[{"href":"https:\/\/gruposimel.com\/en\/wp-json\/wp\/v2\/pages"}],"about":[{"href":"https:\/\/gruposimel.com\/en\/wp-json\/wp\/v2\/types\/page"}],"author":[{"embeddable":true,"href":"https:\/\/gruposimel.com\/en\/wp-json\/wp\/v2\/users\/1"}],"replies":[{"embeddable":true,"href":"https:\/\/gruposimel.com\/en\/wp-json\/wp\/v2\/comments?post=772"}],"version-history":[{"count":4,"href":"https:\/\/gruposimel.com\/en\/wp-json\/wp\/v2\/pages\/772\/revisions"}],"predecessor-version":[{"id":776,"href":"https:\/\/gruposimel.com\/en\/wp-json\/wp\/v2\/pages\/772\/revisions\/776"}],"wp:attachment":[{"href":"https:\/\/gruposimel.com\/en\/wp-json\/wp\/v2\/media?parent=772"}],"curies":[{"name":"wp","href":"https:\/\/api.w.org\/{rel}","templated":true}]}}