{"id":880,"date":"2023-12-14T00:25:03","date_gmt":"2023-12-14T00:25:03","guid":{"rendered":"https:\/\/gruposimel.com\/?page_id=880"},"modified":"2025-07-15T18:18:04","modified_gmt":"2025-07-15T18:18:04","slug":"politica-de-calidad","status":"publish","type":"page","link":"https:\/\/gruposimel.com\/en\/politica-de-calidad\/","title":{"rendered":"Pol\u00edtica de Calidad"},"content":{"rendered":"<div data-elementor-type=\"wp-page\" data-elementor-id=\"880\" class=\"elementor elementor-880\" data-elementor-post-type=\"page\">\n\t\t\t\t\t\t<section class=\"elementor-section elementor-top-section elementor-element elementor-element-fd35967 elementor-section-boxed elementor-section-height-default elementor-section-height-default\" data-id=\"fd35967\" data-element_type=\"section\">\n\t\t\t\t\t\t<div class=\"elementor-container elementor-column-gap-default\">\n\t\t\t\t\t<div class=\"elementor-column elementor-col-100 elementor-top-column elementor-element elementor-element-e053a27\" data-id=\"e053a27\" data-element_type=\"column\">\n\t\t\t<div class=\"elementor-widget-wrap elementor-element-populated\">\n\t\t\t\t\t\t<div class=\"elementor-element elementor-element-ed2cec0 elementor-widget elementor-widget-heading\" data-id=\"ed2cec0\" data-element_type=\"widget\" data-widget_type=\"heading.default\">\n\t\t\t\t<div class=\"elementor-widget-container\">\n\t\t\t\t\t<h2 class=\"elementor-heading-title elementor-size-default\">Pol\u00edtica de Calidad<\/h2>\t\t\t\t<\/div>\n\t\t\t\t<\/div>\n\t\t\t\t\t<\/div>\n\t\t<\/div>\n\t\t\t\t\t<\/div>\n\t\t<\/section>\n\t\t\t\t<section class=\"elementor-section elementor-top-section elementor-element elementor-element-e00bc16 elementor-section-boxed elementor-section-height-default elementor-section-height-default\" data-id=\"e00bc16\" data-element_type=\"section\">\n\t\t\t\t\t\t<div class=\"elementor-container elementor-column-gap-default\">\n\t\t\t\t\t<div class=\"elementor-column elementor-col-100 elementor-top-column elementor-element elementor-element-11c30f99\" data-id=\"11c30f99\" data-element_type=\"column\">\n\t\t\t<div class=\"elementor-widget-wrap elementor-element-populated\">\n\t\t\t\t\t\t<div class=\"elementor-element elementor-element-ea722ad elementor-widget elementor-widget-spacer\" data-id=\"ea722ad\" data-element_type=\"widget\" data-widget_type=\"spacer.default\">\n\t\t\t\t<div class=\"elementor-widget-container\">\n\t\t\t\t\t\t\t<div class=\"elementor-spacer\">\n\t\t\t<div class=\"elementor-spacer-inner\"><\/div>\n\t\t<\/div>\n\t\t\t\t\t\t<\/div>\n\t\t\t\t<\/div>\n\t\t\t\t<div class=\"elementor-element elementor-element-d12ffa8 elementor-widget elementor-widget-image\" data-id=\"d12ffa8\" data-element_type=\"widget\" data-widget_type=\"image.default\">\n\t\t\t\t<div class=\"elementor-widget-container\">\n\t\t\t\t\t\t\t\t\t\t\t\t\t\t\t<img fetchpriority=\"high\" decoding=\"async\" width=\"300\" height=\"185\" src=\"https:\/\/gruposimel.com\/wp-content\/uploads\/2025\/07\/PROPUESTALOGOPRINCIPAL-300x185.png\" class=\"attachment-medium size-medium wp-image-1031\" alt=\"\" srcset=\"https:\/\/gruposimel.com\/wp-content\/uploads\/2025\/07\/PROPUESTALOGOPRINCIPAL-300x185.png 300w, https:\/\/gruposimel.com\/wp-content\/uploads\/2025\/07\/PROPUESTALOGOPRINCIPAL-18x12.png 18w, https:\/\/gruposimel.com\/wp-content\/uploads\/2025\/07\/PROPUESTALOGOPRINCIPAL.png 604w\" sizes=\"(max-width: 300px) 100vw, 300px\" \/>\t\t\t\t\t\t\t\t\t\t\t\t\t\t\t<\/div>\n\t\t\t\t<\/div>\n\t\t\t\t<div class=\"elementor-element elementor-element-482f9e09 elementor-widget elementor-widget-text-editor\" data-id=\"482f9e09\" data-element_type=\"widget\" data-widget_type=\"text-editor.default\">\n\t\t\t\t<div class=\"elementor-widget-container\">\n\t\t\t\t\t\t\t\t\t\n<p>Grupo SIMEL CORP es <strong>una empresa dedicada al construcci\u00f3n y mantenimiento.<\/strong> Ofrecemos servicios de ingenieria y contratos &#8211; enfocados en la calidad y <strong>cumplimiento de los requisites de nuestros clientes y partes interesadas,<\/strong> con el compromiso de:<\/p>\n<ul>\n<li>Suministrar productos y servicios de ingenier\u00eda, construcci\u00f3n, asesor\u00eda, venta de equipos de protecci\u00f3n e instalaciones capaces de cubrir y superar las expectativas de nuestro cliente.<\/li>\n<li>Personal con experiencia y capacitados continuamente para la implementaci\u00f3n de los proyectos y servicios m\u00e1s exigentes.<\/li>\n<li>B\u00fasqueda de la mejora continua de nuestro sistema de Gesti\u00f3n de Calidad.<\/li>\n<\/ul>\n<!-- \/wp:list -->\t\t\t\t\t\t\t\t<\/div>\n\t\t\t\t<\/div>\n\t\t\t\t<div class=\"elementor-element elementor-element-7a2967c elementor-align-center elementor-widget elementor-widget-button\" data-id=\"7a2967c\" data-element_type=\"widget\" data-widget_type=\"button.default\">\n\t\t\t\t<div class=\"elementor-widget-container\">\n\t\t\t\t\t\t\t\t\t<div class=\"elementor-button-wrapper\">\n\t\t\t\t\t<a class=\"elementor-button elementor-button-link elementor-size-sm\" href=\"https:\/\/gruposimel.com\/wp-content\/uploads\/2025\/02\/SGC-DO-02-Politica-de-Calidad-ACTUALIZADA-.pdf\" target=\"_blank\">\n\t\t\t\t\t\t<span class=\"elementor-button-content-wrapper\">\n\t\t\t\t\t\t\t\t\t<span class=\"elementor-button-text\">Pol\u00edtica de Calidad<\/span>\n\t\t\t\t\t<\/span>\n\t\t\t\t\t<\/a>\n\t\t\t\t<\/div>\n\t\t\t\t\t\t\t\t<\/div>\n\t\t\t\t<\/div>\n\t\t\t\t<div class=\"elementor-element elementor-element-f1ac35f elementor-widget elementor-widget-spacer\" data-id=\"f1ac35f\" data-element_type=\"widget\" data-widget_type=\"spacer.default\">\n\t\t\t\t<div class=\"elementor-widget-container\">\n\t\t\t\t\t\t\t<div class=\"elementor-spacer\">\n\t\t\t<div class=\"elementor-spacer-inner\"><\/div>\n\t\t<\/div>\n\t\t\t\t\t\t<\/div>\n\t\t\t\t<\/div>\n\t\t\t\t\t<\/div>\n\t\t<\/div>\n\t\t\t\t\t<\/div>\n\t\t<\/section>\n\t\t\t\t<\/div>","protected":false},"excerpt":{"rendered":"<p>Grupo SIMEL CORP es una empresa dedicada al construcci\u00f3n y mantenimiento. Ofrecemos servicios de ingenieria y contratos &#8211; enfocados en la calidad y cumplimiento de los requisites de nuestros clientes y partes interesadas, con el compromiso de: Suministrar productos y servicios de ingenier\u00eda, construcci\u00f3n, asesor\u00eda, venta de equipos de protecci\u00f3n e instalaciones capaces de cubrir &#8230; <a title=\"Pol\u00edtica de Calidad\" class=\"read-more\" href=\"https:\/\/gruposimel.com\/en\/politica-de-calidad\/\" aria-label=\"More on Pol\u00edtica de Calidad\">Read more<\/a><\/p>","protected":false},"author":1,"featured_media":0,"parent":0,"menu_order":0,"comment_status":"closed","ping_status":"closed","template":"elementor_header_footer","meta":{"_joinchat":[],"footnotes":""},"class_list":["post-880","page","type-page","status-publish"],"_links":{"self":[{"href":"https:\/\/gruposimel.com\/en\/wp-json\/wp\/v2\/pages\/880","targetHints":{"allow":["GET"]}}],"collection":[{"href":"https:\/\/gruposimel.com\/en\/wp-json\/wp\/v2\/pages"}],"about":[{"href":"https:\/\/gruposimel.com\/en\/wp-json\/wp\/v2\/types\/page"}],"author":[{"embeddable":true,"href":"https:\/\/gruposimel.com\/en\/wp-json\/wp\/v2\/users\/1"}],"replies":[{"embeddable":true,"href":"https:\/\/gruposimel.com\/en\/wp-json\/wp\/v2\/comments?post=880"}],"version-history":[{"count":28,"href":"https:\/\/gruposimel.com\/en\/wp-json\/wp\/v2\/pages\/880\/revisions"}],"predecessor-version":[{"id":1042,"href":"https:\/\/gruposimel.com\/en\/wp-json\/wp\/v2\/pages\/880\/revisions\/1042"}],"wp:attachment":[{"href":"https:\/\/gruposimel.com\/en\/wp-json\/wp\/v2\/media?parent=880"}],"curies":[{"name":"wp","href":"https:\/\/api.w.org\/{rel}","templated":true}]}}