{"id":949,"date":"2025-02-10T15:18:56","date_gmt":"2025-02-10T15:18:56","guid":{"rendered":"https:\/\/gruposimel.com\/politica-de-calidad-copy\/"},"modified":"2025-07-15T18:18:36","modified_gmt":"2025-07-15T18:18:36","slug":"objetivos-del-sistema-de-gestion-de-calidad","status":"publish","type":"page","link":"https:\/\/gruposimel.com\/en\/objetivos-del-sistema-de-gestion-de-calidad\/","title":{"rendered":"OBJETIVOS DEL SISTEMA DE GESTI\u00d3N DE CALIDAD"},"content":{"rendered":"<div data-elementor-type=\"wp-page\" data-elementor-id=\"949\" class=\"elementor elementor-949\" data-elementor-post-type=\"page\">\n\t\t\t\t\t\t<section class=\"elementor-section elementor-top-section elementor-element elementor-element-fd35967 elementor-section-boxed elementor-section-height-default elementor-section-height-default\" data-id=\"fd35967\" data-element_type=\"section\">\n\t\t\t\t\t\t<div class=\"elementor-container elementor-column-gap-default\">\n\t\t\t\t\t<div class=\"elementor-column elementor-col-100 elementor-top-column elementor-element elementor-element-e053a27\" data-id=\"e053a27\" data-element_type=\"column\">\n\t\t\t<div class=\"elementor-widget-wrap elementor-element-populated\">\n\t\t\t\t\t\t<div class=\"elementor-element elementor-element-ed2cec0 elementor-widget elementor-widget-heading\" data-id=\"ed2cec0\" data-element_type=\"widget\" data-widget_type=\"heading.default\">\n\t\t\t\t<div class=\"elementor-widget-container\">\n\t\t\t\t\t<h2 class=\"elementor-heading-title elementor-size-default\">OBJETIVOS DEL SISTEMA DE GESTI\u00d3N DE CALIDAD<\/h2>\t\t\t\t<\/div>\n\t\t\t\t<\/div>\n\t\t\t\t\t<\/div>\n\t\t<\/div>\n\t\t\t\t\t<\/div>\n\t\t<\/section>\n\t\t\t\t<section class=\"elementor-section elementor-top-section elementor-element elementor-element-e00bc16 elementor-section-boxed elementor-section-height-default elementor-section-height-default\" data-id=\"e00bc16\" data-element_type=\"section\">\n\t\t\t\t\t\t<div class=\"elementor-container elementor-column-gap-default\">\n\t\t\t\t\t<div class=\"elementor-column elementor-col-100 elementor-top-column elementor-element elementor-element-11c30f99\" data-id=\"11c30f99\" data-element_type=\"column\">\n\t\t\t<div class=\"elementor-widget-wrap elementor-element-populated\">\n\t\t\t\t\t\t<div class=\"elementor-element elementor-element-ea722ad elementor-widget elementor-widget-spacer\" data-id=\"ea722ad\" data-element_type=\"widget\" data-widget_type=\"spacer.default\">\n\t\t\t\t<div class=\"elementor-widget-container\">\n\t\t\t\t\t\t\t<div class=\"elementor-spacer\">\n\t\t\t<div class=\"elementor-spacer-inner\"><\/div>\n\t\t<\/div>\n\t\t\t\t\t\t<\/div>\n\t\t\t\t<\/div>\n\t\t\t\t<div class=\"elementor-element elementor-element-d12ffa8 elementor-widget elementor-widget-image\" data-id=\"d12ffa8\" data-element_type=\"widget\" data-widget_type=\"image.default\">\n\t\t\t\t<div class=\"elementor-widget-container\">\n\t\t\t\t\t\t\t\t\t\t\t\t\t\t\t<img fetchpriority=\"high\" decoding=\"async\" width=\"300\" height=\"185\" src=\"https:\/\/gruposimel.com\/wp-content\/uploads\/2025\/07\/PROPUESTALOGOPRINCIPAL-300x185.png\" class=\"attachment-medium size-medium wp-image-1031\" alt=\"\" srcset=\"https:\/\/gruposimel.com\/wp-content\/uploads\/2025\/07\/PROPUESTALOGOPRINCIPAL-300x185.png 300w, https:\/\/gruposimel.com\/wp-content\/uploads\/2025\/07\/PROPUESTALOGOPRINCIPAL-18x12.png 18w, https:\/\/gruposimel.com\/wp-content\/uploads\/2025\/07\/PROPUESTALOGOPRINCIPAL.png 604w\" sizes=\"(max-width: 300px) 100vw, 300px\" \/>\t\t\t\t\t\t\t\t\t\t\t\t\t\t\t<\/div>\n\t\t\t\t<\/div>\n\t\t\t\t<div class=\"elementor-element elementor-element-482f9e09 elementor-widget elementor-widget-text-editor\" data-id=\"482f9e09\" data-element_type=\"widget\" data-widget_type=\"text-editor.default\">\n\t\t\t\t<div class=\"elementor-widget-container\">\n\t\t\t\t\t\t\t\t\t\n<p>Los objetivos del Sistema de Gesti\u00f3n de Calidad est\u00e1n directamente relacionados con la estrategia del negocio y soportados en la base de los indicadores del Sistema.<\/p>\n<ul>\n<li>Lograr la satisfacci\u00f3n de nuestros clientes; mediante, una atenci\u00f3n oportuna, de calidad y de acuerdo a los mejores est\u00e1ndares de la industria.<\/li>\n<li>Aumentar la participaci\u00f3n y adjudicaci\u00f3n en licitaciones p\u00fablicas y privadas.<\/li>\n<li>Tener el mejor capital humano con capacitaciones continuas.<\/li>\n<li>Asegurar el cumplimiento de nuestro plan de seguridad para evitar accidentes.<\/li>\n<li>Mejorar la eficiencia y resultado de nuestros procesos.<\/li>\n<\/ul>\n<!-- \/wp:list -->\t\t\t\t\t\t\t\t<\/div>\n\t\t\t\t<\/div>\n\t\t\t\t<div class=\"elementor-element elementor-element-7a2967c elementor-align-center elementor-widget elementor-widget-button\" data-id=\"7a2967c\" data-element_type=\"widget\" data-widget_type=\"button.default\">\n\t\t\t\t<div class=\"elementor-widget-container\">\n\t\t\t\t\t\t\t\t\t<div class=\"elementor-button-wrapper\">\n\t\t\t\t\t<a class=\"elementor-button elementor-button-link elementor-size-sm\" href=\"https:\/\/gruposimel.com\/wp-content\/uploads\/2025\/02\/SGC-DO-05-Objetivos-del-Sistema-de-Gestion-de-Calidad-ACTUALIZADO.pdf\" target=\"_blank\">\n\t\t\t\t\t\t<span class=\"elementor-button-content-wrapper\">\n\t\t\t\t\t\t\t\t\t<span class=\"elementor-button-text\">OBJETIVOS DEL SISTEMA DE GESTI\u00d3N DE CALIDAD<\/span>\n\t\t\t\t\t<\/span>\n\t\t\t\t\t<\/a>\n\t\t\t\t<\/div>\n\t\t\t\t\t\t\t\t<\/div>\n\t\t\t\t<\/div>\n\t\t\t\t<div class=\"elementor-element elementor-element-f1ac35f elementor-widget elementor-widget-spacer\" data-id=\"f1ac35f\" data-element_type=\"widget\" data-widget_type=\"spacer.default\">\n\t\t\t\t<div class=\"elementor-widget-container\">\n\t\t\t\t\t\t\t<div class=\"elementor-spacer\">\n\t\t\t<div class=\"elementor-spacer-inner\"><\/div>\n\t\t<\/div>\n\t\t\t\t\t\t<\/div>\n\t\t\t\t<\/div>\n\t\t\t\t\t<\/div>\n\t\t<\/div>\n\t\t\t\t\t<\/div>\n\t\t<\/section>\n\t\t\t\t<\/div>","protected":false},"excerpt":{"rendered":"<p>Los objetivos del Sistema de Gesti\u00f3n de Calidad est\u00e1n directamente relacionados con la estrategia del negocio y soportados en la base de los indicadores del Sistema. Lograr la satisfacci\u00f3n de nuestros clientes; mediante, una atenci\u00f3n oportuna, de calidad y de acuerdo a los mejores est\u00e1ndares de la industria. Aumentar la participaci\u00f3n y adjudicaci\u00f3n en licitaciones &#8230; <a title=\"OBJETIVOS DEL SISTEMA DE GESTI\u00d3N DE CALIDAD\" class=\"read-more\" href=\"https:\/\/gruposimel.com\/en\/objetivos-del-sistema-de-gestion-de-calidad\/\" aria-label=\"More on OBJETIVOS DEL SISTEMA DE GESTI\u00d3N DE CALIDAD\">Read more<\/a><\/p>","protected":false},"author":1,"featured_media":0,"parent":0,"menu_order":0,"comment_status":"closed","ping_status":"closed","template":"elementor_header_footer","meta":{"_joinchat":[],"footnotes":""},"class_list":["post-949","page","type-page","status-publish"],"_links":{"self":[{"href":"https:\/\/gruposimel.com\/en\/wp-json\/wp\/v2\/pages\/949","targetHints":{"allow":["GET"]}}],"collection":[{"href":"https:\/\/gruposimel.com\/en\/wp-json\/wp\/v2\/pages"}],"about":[{"href":"https:\/\/gruposimel.com\/en\/wp-json\/wp\/v2\/types\/page"}],"author":[{"embeddable":true,"href":"https:\/\/gruposimel.com\/en\/wp-json\/wp\/v2\/users\/1"}],"replies":[{"embeddable":true,"href":"https:\/\/gruposimel.com\/en\/wp-json\/wp\/v2\/comments?post=949"}],"version-history":[{"count":11,"href":"https:\/\/gruposimel.com\/en\/wp-json\/wp\/v2\/pages\/949\/revisions"}],"predecessor-version":[{"id":1045,"href":"https:\/\/gruposimel.com\/en\/wp-json\/wp\/v2\/pages\/949\/revisions\/1045"}],"wp:attachment":[{"href":"https:\/\/gruposimel.com\/en\/wp-json\/wp\/v2\/media?parent=949"}],"curies":[{"name":"wp","href":"https:\/\/api.w.org\/{rel}","templated":true}]}}